{"id":2999,"date":"2022-10-05T13:13:51","date_gmt":"2022-10-05T13:13:51","guid":{"rendered":"https:\/\/wolfram-chemie.com\/beispielseite\/"},"modified":"2025-09-17T14:19:16","modified_gmt":"2025-09-17T14:19:16","slug":"beispielseite","status":"publish","type":"page","link":"https:\/\/wolfram-chemie.com\/de\/beispielseite\/","title":{"rendered":"Beispielseite"},"content":{"rendered":"\n<p>Dies ist eine Beispielseite. Sie unterscheidet sich von einem Blogbeitrag, da sie an einem festen Ort verbleibt und (in den meisten Themes) in Ihrer Seitennavigation angezeigt wird. Die meisten beginnen mit einer \u00dcber-uns-Seite, die sie potenziellen Website-Besuchern vorstellt. Dort k\u00f6nnte zum Beispiel stehen:<\/p>\n\n<blockquote class=\"wp-block-quote is-layout-flow wp-block-quote-is-layout-flow\"><p>Hallo! Ich bin tags\u00fcber Fahrradkurier, nachts angehender Schauspieler, und dies ist meine Website. Ich lebe in Los Angeles, habe einen tollen Hund namens Jack und mag Pi\u00f1a Coladas. (Und lasse mich gerne im Regen erwischen.)<\/p><\/blockquote>\n\n<p>&#8230;oder so etwas wie dies:<\/p>\n\n<blockquote class=\"wp-block-quote is-layout-flow wp-block-quote-is-layout-flow\"><p>Die XYZ Doohickey Company wurde 1971 gegr\u00fcndet und beliefert die \u00d6ffentlichkeit seither mit hochwertigen Doohickeys. Mit Sitz in Gotham City besch\u00e4ftigt XYZ \u00fcber 2.000 Mitarbeiter und leistet Gro\u00dfartiges f\u00fcr die Gemeinschaft von Gotham.<\/p><\/blockquote>\n\n<p>Als neuer WordPress-Benutzer sollten Sie zu <a href=\"https:\/\/wolfram-chemie.com\/wp-admin\/\">Ihrem Dashboard<\/a> gehen, um diese Seite zu l\u00f6schen und neue Seiten f\u00fcr Ihre Inhalte zu erstellen. Viel Spa\u00df!<\/p>\n","protected":false},"excerpt":{"rendered":"<p>Dies ist eine Beispielseite. Sie unterscheidet sich von einem Blogbeitrag, da sie an einem festen Ort verbleibt und (in den meisten Themes) in Ihrer Seitennavigation angezeigt wird. Die meisten beginnen mit einer \u00dcber-uns-Seite, die sie potenziellen Website-Besuchern vorstellt. Dort k\u00f6nnte zum Beispiel stehen: Hallo! Ich bin tags\u00fcber Fahrradkurier, nachts angehender Schauspieler, und dies ist meine [&hellip;]<\/p>\n","protected":false},"author":1,"featured_media":0,"parent":0,"menu_order":0,"comment_status":"closed","ping_status":"open","template":"","meta":{"inline_featured_image":false,"footnotes":""},"class_list":["post-2999","page","type-page","status-publish","hentry"],"yoast_head":"<!-- This site is optimized with the Yoast SEO plugin v27.4 - https:\/\/yoast.com\/product\/yoast-seo-wordpress\/ -->\n<title>Beispielseite - Wolfram Chemie<\/title>\n<meta name=\"robots\" content=\"index, follow, max-snippet:-1, max-image-preview:large, max-video-preview:-1\" \/>\n<link rel=\"canonical\" href=\"https:\/\/wolfram-chemie.com\/de\/beispielseite\/\" \/>\n<meta property=\"og:locale\" content=\"de_DE\" \/>\n<meta property=\"og:type\" content=\"article\" \/>\n<meta property=\"og:title\" content=\"Beispielseite - Wolfram Chemie\" \/>\n<meta property=\"og:description\" content=\"Dies ist eine Beispielseite. Sie unterscheidet sich von einem Blogbeitrag, da sie an einem festen Ort verbleibt und (in den meisten Themes) in Ihrer Seitennavigation angezeigt wird. Die meisten beginnen mit einer \u00dcber-uns-Seite, die sie potenziellen Website-Besuchern vorstellt. Dort k\u00f6nnte zum Beispiel stehen: Hallo! Ich bin tags\u00fcber Fahrradkurier, nachts angehender Schauspieler, und dies ist meine [&hellip;]\" \/>\n<meta property=\"og:url\" content=\"https:\/\/wolfram-chemie.com\/de\/beispielseite\/\" \/>\n<meta property=\"og:site_name\" content=\"Wolfram Chemie\" \/>\n<meta property=\"article:modified_time\" content=\"2025-09-17T14:19:16+00:00\" \/>\n<meta name=\"twitter:card\" content=\"summary_large_image\" \/>\n<meta name=\"twitter:label1\" content=\"Gesch\u00e4tzte Lesezeit\" \/>\n\t<meta name=\"twitter:data1\" content=\"1\u00a0Minute\" \/>\n<!-- \/ Yoast SEO plugin. -->","yoast_head_json":{"title":"Beispielseite - Wolfram Chemie","robots":{"index":"index","follow":"follow","max-snippet":"max-snippet:-1","max-image-preview":"max-image-preview:large","max-video-preview":"max-video-preview:-1"},"canonical":"https:\/\/wolfram-chemie.com\/de\/beispielseite\/","og_locale":"de_DE","og_type":"article","og_title":"Beispielseite - Wolfram Chemie","og_description":"Dies ist eine Beispielseite. Sie unterscheidet sich von einem Blogbeitrag, da sie an einem festen Ort verbleibt und (in den meisten Themes) in Ihrer Seitennavigation angezeigt wird. Die meisten beginnen mit einer \u00dcber-uns-Seite, die sie potenziellen Website-Besuchern vorstellt. Dort k\u00f6nnte zum Beispiel stehen: Hallo! Ich bin tags\u00fcber Fahrradkurier, nachts angehender Schauspieler, und dies ist meine [&hellip;]","og_url":"https:\/\/wolfram-chemie.com\/de\/beispielseite\/","og_site_name":"Wolfram Chemie","article_modified_time":"2025-09-17T14:19:16+00:00","twitter_card":"summary_large_image","twitter_misc":{"Gesch\u00e4tzte Lesezeit":"1\u00a0Minute"},"schema":{"@context":"https:\/\/schema.org","@graph":[{"@type":"WebPage","@id":"https:\/\/wolfram-chemie.com\/de\/beispielseite\/","url":"https:\/\/wolfram-chemie.com\/de\/beispielseite\/","name":"Beispielseite - Wolfram Chemie","isPartOf":{"@id":"https:\/\/wolfram-chemie.com\/de\/#website"},"datePublished":"2022-10-05T13:13:51+00:00","dateModified":"2025-09-17T14:19:16+00:00","breadcrumb":{"@id":"https:\/\/wolfram-chemie.com\/de\/beispielseite\/#breadcrumb"},"inLanguage":"de","potentialAction":[{"@type":"ReadAction","target":["https:\/\/wolfram-chemie.com\/de\/beispielseite\/"]}]},{"@type":"BreadcrumbList","@id":"https:\/\/wolfram-chemie.com\/de\/beispielseite\/#breadcrumb","itemListElement":[{"@type":"ListItem","position":1,"name":"Startseite","item":"https:\/\/wolfram-chemie.com\/de\/startseite\/"},{"@type":"ListItem","position":2,"name":"Beispielseite"}]},{"@type":"WebSite","@id":"https:\/\/wolfram-chemie.com\/de\/#website","url":"https:\/\/wolfram-chemie.com\/de\/","name":"Wolfram Chemie","description":"","publisher":{"@id":"https:\/\/wolfram-chemie.com\/de\/#organization"},"potentialAction":[{"@type":"SearchAction","target":{"@type":"EntryPoint","urlTemplate":"https:\/\/wolfram-chemie.com\/de\/?s={search_term_string}"},"query-input":{"@type":"PropertyValueSpecification","valueRequired":true,"valueName":"search_term_string"}}],"inLanguage":"de"},{"@type":"Organization","@id":"https:\/\/wolfram-chemie.com\/de\/#organization","name":"Wolfram Chemie","url":"https:\/\/wolfram-chemie.com\/de\/","logo":{"@type":"ImageObject","inLanguage":"de","@id":"https:\/\/wolfram-chemie.com\/de\/#\/schema\/logo\/image\/","url":"https:\/\/wolfram-chemie.com\/wp-content\/uploads\/2022\/10\/Bildschirmfoto-2022-10-05-um-13.23.46.png","contentUrl":"https:\/\/wolfram-chemie.com\/wp-content\/uploads\/2022\/10\/Bildschirmfoto-2022-10-05-um-13.23.46.png","width":1138,"height":142,"caption":"Wolfram Chemie"},"image":{"@id":"https:\/\/wolfram-chemie.com\/de\/#\/schema\/logo\/image\/"}}]}},"_links":{"self":[{"href":"https:\/\/wolfram-chemie.com\/de\/wp-json\/wp\/v2\/pages\/2999","targetHints":{"allow":["GET"]}}],"collection":[{"href":"https:\/\/wolfram-chemie.com\/de\/wp-json\/wp\/v2\/pages"}],"about":[{"href":"https:\/\/wolfram-chemie.com\/de\/wp-json\/wp\/v2\/types\/page"}],"author":[{"embeddable":true,"href":"https:\/\/wolfram-chemie.com\/de\/wp-json\/wp\/v2\/users\/1"}],"replies":[{"embeddable":true,"href":"https:\/\/wolfram-chemie.com\/de\/wp-json\/wp\/v2\/comments?post=2999"}],"version-history":[{"count":2,"href":"https:\/\/wolfram-chemie.com\/de\/wp-json\/wp\/v2\/pages\/2999\/revisions"}],"predecessor-version":[{"id":3005,"href":"https:\/\/wolfram-chemie.com\/de\/wp-json\/wp\/v2\/pages\/2999\/revisions\/3005"}],"wp:attachment":[{"href":"https:\/\/wolfram-chemie.com\/de\/wp-json\/wp\/v2\/media?parent=2999"}],"curies":[{"name":"wp","href":"https:\/\/api.w.org\/{rel}","templated":true}]}}