{"id":3044,"date":"2025-09-01T00:43:48","date_gmt":"2025-09-01T00:43:48","guid":{"rendered":"https:\/\/wolfram-chemie.com\/batterie-recycling\/"},"modified":"2026-01-08T15:35:12","modified_gmt":"2026-01-08T15:35:12","slug":"batterie-recycling","status":"publish","type":"page","link":"https:\/\/wolfram-chemie.com\/de\/batterie-recycling\/","title":{"rendered":"Batterie-Recycling"},"content":{"rendered":"\t\t<div data-elementor-type=\"wp-post\" data-elementor-id=\"3044\" class=\"elementor elementor-3044 elementor-2371\" data-elementor-post-type=\"page\">\n\t\t\t\t<div class=\"elementor-element elementor-element-197f5f44 e-con-full e-flex e-con e-parent\" data-id=\"197f5f44\" data-element_type=\"container\" data-e-type=\"container\" data-settings=\"{&quot;background_background&quot;:&quot;classic&quot;}\">\n\t\t<div class=\"elementor-element elementor-element-25af2edf e-con-full e-flex e-con e-child\" data-id=\"25af2edf\" data-element_type=\"container\" data-e-type=\"container\">\n\t\t\t\t<div class=\"elementor-element elementor-element-403f527d elementor-widget elementor-widget-heading\" data-id=\"403f527d\" data-element_type=\"widget\" data-e-type=\"widget\" data-widget_type=\"heading.default\">\n\t\t\t\t<div class=\"elementor-widget-container\">\n\t\t\t\t\t<h1 class=\"elementor-heading-title elementor-size-default\">Batteriematerial-Recycling<\/h1>\t\t\t\t<\/div>\n\t\t\t\t<\/div>\n\t\t\t\t<div class=\"elementor-element elementor-element-2371009f elementor-widget-tablet__width-initial elementor-widget elementor-widget-text-editor\" data-id=\"2371009f\" data-element_type=\"widget\" data-e-type=\"widget\" data-widget_type=\"text-editor.default\">\n\t\t\t\t<div class=\"elementor-widget-container\">\n\t\t\t\t\t\t\t\t\t<p>Wir entwickeln innovative Verfahren zur R\u00fcckgewinnung und zum Recycling wertvoller Materialien aus Altbatterien und erm\u00f6glichen so Energiel\u00f6sungen der n\u00e4chsten Generation.<\/p>\t\t\t\t\t\t\t\t<\/div>\n\t\t\t\t<\/div>\n\t\t\t\t<div class=\"elementor-element elementor-element-127a8665 elementor-mobile-align-center elementor-widget elementor-widget-button\" data-id=\"127a8665\" data-element_type=\"widget\" data-e-type=\"widget\" data-widget_type=\"button.default\">\n\t\t\t\t<div class=\"elementor-widget-container\">\n\t\t\t\t\t\t\t\t\t<div class=\"elementor-button-wrapper\">\n\t\t\t\t\t<a class=\"elementor-button elementor-button-link elementor-size-sm\" href=\"https:\/\/wolfram.goliveprojects.de\/contact\/\">\n\t\t\t\t\t\t<span class=\"elementor-button-content-wrapper\">\n\t\t\t\t\t\t\t\t\t<span class=\"elementor-button-text\">Kontaktiere Sie uns<\/span>\n\t\t\t\t\t<\/span>\n\t\t\t\t\t<\/a>\n\t\t\t\t<\/div>\n\t\t\t\t\t\t\t\t<\/div>\n\t\t\t\t<\/div>\n\t\t\t\t<\/div>\n\t\t<div class=\"elementor-element elementor-element-1bf1271d e-con-full e-flex e-con e-child\" data-id=\"1bf1271d\" data-element_type=\"container\" data-e-type=\"container\">\n\t\t\t\t<div class=\"elementor-element elementor-element-7170f946 elementor-widget-tablet__width-inherit elementor-invisible elementor-widget elementor-widget-image\" data-id=\"7170f946\" data-element_type=\"widget\" data-e-type=\"widget\" data-settings=\"{&quot;_animation&quot;:&quot;fadeIn&quot;}\" data-widget_type=\"image.default\">\n\t\t\t\t<div class=\"elementor-widget-container\">\n\t\t\t\t\t\t\t\t\t\t\t\t\t\t\t<img fetchpriority=\"high\" decoding=\"async\" width=\"768\" height=\"1020\" src=\"https:\/\/wolfram-chemie.com\/wp-content\/uploads\/2025\/08\/PXL_20250821_125832736.MP_-768x1020.jpg\" class=\"attachment-medium_large size-medium_large wp-image-3050\" alt=\"\" srcset=\"https:\/\/wolfram-chemie.com\/wp-content\/uploads\/2025\/08\/PXL_20250821_125832736.MP_-768x1020.jpg 768w, https:\/\/wolfram-chemie.com\/wp-content\/uploads\/2025\/08\/PXL_20250821_125832736.MP_-226x300.jpg 226w, https:\/\/wolfram-chemie.com\/wp-content\/uploads\/2025\/08\/PXL_20250821_125832736.MP_-771x1024.jpg 771w, https:\/\/wolfram-chemie.com\/wp-content\/uploads\/2025\/08\/PXL_20250821_125832736.MP_-1157x1536.jpg 1157w, https:\/\/wolfram-chemie.com\/wp-content\/uploads\/2025\/08\/PXL_20250821_125832736.MP_-1542x2048.jpg 1542w, https:\/\/wolfram-chemie.com\/wp-content\/uploads\/2025\/08\/PXL_20250821_125832736.MP_-9x12.jpg 9w, https:\/\/wolfram-chemie.com\/wp-content\/uploads\/2025\/08\/PXL_20250821_125832736.MP_-scaled.jpg 1928w\" sizes=\"(max-width: 768px) 100vw, 768px\" \/>\t\t\t\t\t\t\t\t\t\t\t\t\t\t\t<\/div>\n\t\t\t\t<\/div>\n\t\t\t\t<\/div>\n\t\t\t\t<\/div>\n\t\t<div class=\"elementor-element elementor-element-4a8ed11 e-con-full e-flex e-con e-parent\" data-id=\"4a8ed11\" data-element_type=\"container\" data-e-type=\"container\" data-settings=\"{&quot;background_background&quot;:&quot;classic&quot;}\">\n\t\t<div class=\"elementor-element elementor-element-96f8d00 e-con-full e-flex e-con e-child\" data-id=\"96f8d00\" data-element_type=\"container\" data-e-type=\"container\">\n\t\t\t\t<div class=\"elementor-element elementor-element-6718ab8 elementor-widget elementor-widget-heading\" data-id=\"6718ab8\" data-element_type=\"widget\" data-e-type=\"widget\" data-widget_type=\"heading.default\">\n\t\t\t\t<div class=\"elementor-widget-container\">\n\t\t\t\t\t<h1 class=\"elementor-heading-title elementor-size-default\">Unsere Dienstleistungen<\/h1>\t\t\t\t<\/div>\n\t\t\t\t<\/div>\n\t\t\t\t<div class=\"elementor-element elementor-element-e1b9f11 elementor-widget-tablet__width-initial elementor-widget elementor-widget-text-editor\" data-id=\"e1b9f11\" data-element_type=\"widget\" data-e-type=\"widget\" data-widget_type=\"text-editor.default\">\n\t\t\t\t<div class=\"elementor-widget-container\">\n\t\t\t\t\t\t\t\t\t<p>Von Rohstoffen bis zum Recycling: unsere Expertise bei Anodenmaterialien f\u00fcr die neue Generation von Batterietechnologien.<\/p>\t\t\t\t\t\t\t\t<\/div>\n\t\t\t\t<\/div>\n\t\t\t\t<\/div>\n\t\t\t\t<\/div>\n\t\t<div class=\"elementor-element elementor-element-14985ccc e-con-full e-flex e-con e-parent\" data-id=\"14985ccc\" data-element_type=\"container\" data-e-type=\"container\" data-settings=\"{&quot;background_background&quot;:&quot;classic&quot;}\">\n\t\t<div class=\"elementor-element elementor-element-e688930 e-con-full e-flex e-con e-child\" data-id=\"e688930\" data-element_type=\"container\" data-e-type=\"container\">\n\t\t\t\t<div class=\"elementor-element elementor-element-3c3e991e elementor-widget elementor-widget-heading\" data-id=\"3c3e991e\" data-element_type=\"widget\" data-e-type=\"widget\" data-widget_type=\"heading.default\">\n\t\t\t\t<div class=\"elementor-widget-container\">\n\t\t\t\t\t<h2 class=\"elementor-heading-title elementor-size-default\">Schwarzmassenanalyse und -charakterisierung <\/h2>\t\t\t\t<\/div>\n\t\t\t\t<\/div>\n\t\t\t\t<div class=\"elementor-element elementor-element-251064fc elementor-widget elementor-widget-text-editor\" data-id=\"251064fc\" data-element_type=\"widget\" data-e-type=\"widget\" data-widget_type=\"text-editor.default\">\n\t\t\t\t<div class=\"elementor-widget-container\">\n\t\t\t\t\t\t\t\t\t<p>Wir bieten umfassende Analysen zur Bestimmung der chemischen Zusammensetzung, Reinheit und morphologischen Eigenschaften von Schwarzmassenproben.<\/p><p>Analysetechniken:<\/p><ul><li>Morphologie und Partikelgr\u00f6\u00dfe<\/li><li>BET <\/li><li>Raman<\/li><li>Elementaranalyse (ICP-OES)<\/li><\/ul>\t\t\t\t\t\t\t\t<\/div>\n\t\t\t\t<\/div>\n\t\t\t\t<\/div>\n\t\t<div class=\"elementor-element elementor-element-4eaf5ed5 e-con-full e-flex e-con e-child\" data-id=\"4eaf5ed5\" data-element_type=\"container\" data-e-type=\"container\">\n\t\t\t\t<div class=\"elementor-element elementor-element-3de7ef7e elementor-widget__width-inherit elementor-widget elementor-widget-image\" data-id=\"3de7ef7e\" data-element_type=\"widget\" data-e-type=\"widget\" data-widget_type=\"image.default\">\n\t\t\t\t<div class=\"elementor-widget-container\">\n\t\t\t\t\t\t\t\t\t\t\t\t\t\t\t<img decoding=\"async\" width=\"768\" height=\"512\" src=\"https:\/\/wolfram-chemie.com\/wp-content\/uploads\/2023\/04\/VAL6193-Copy-768x512.webp\" class=\"attachment-medium_large size-medium_large wp-image-3036\" alt=\"\" srcset=\"https:\/\/wolfram-chemie.com\/wp-content\/uploads\/2023\/04\/VAL6193-Copy-768x512.webp 768w, https:\/\/wolfram-chemie.com\/wp-content\/uploads\/2023\/04\/VAL6193-Copy-300x200.webp 300w, https:\/\/wolfram-chemie.com\/wp-content\/uploads\/2023\/04\/VAL6193-Copy-1024x683.webp 1024w, https:\/\/wolfram-chemie.com\/wp-content\/uploads\/2023\/04\/VAL6193-Copy-1536x1024.webp 1536w, https:\/\/wolfram-chemie.com\/wp-content\/uploads\/2023\/04\/VAL6193-Copy.webp 1920w, https:\/\/wolfram-chemie.com\/wp-content\/uploads\/2023\/04\/VAL6193-Copy-18x12.webp 18w\" sizes=\"(max-width: 768px) 100vw, 768px\" \/>\t\t\t\t\t\t\t\t\t\t\t\t\t\t\t<\/div>\n\t\t\t\t<\/div>\n\t\t\t\t<\/div>\n\t\t\t\t<\/div>\n\t\t<div class=\"elementor-element elementor-element-206f921a e-con-full e-flex e-con e-parent\" data-id=\"206f921a\" data-element_type=\"container\" data-e-type=\"container\" data-settings=\"{&quot;background_background&quot;:&quot;classic&quot;}\">\n\t\t<div class=\"elementor-element elementor-element-27720fc3 e-con-full e-flex e-con e-child\" data-id=\"27720fc3\" data-element_type=\"container\" data-e-type=\"container\">\n\t\t\t\t<div class=\"elementor-element elementor-element-53d99ff elementor-widget elementor-widget-heading\" data-id=\"53d99ff\" data-element_type=\"widget\" data-e-type=\"widget\" data-widget_type=\"heading.default\">\n\t\t\t\t<div class=\"elementor-widget-container\">\n\t\t\t\t\t<h2 class=\"elementor-heading-title elementor-size-default\">R\u00fcckgewinnung von Graphit in Batteriequalit\u00e4t<\/h2>\t\t\t\t<\/div>\n\t\t\t\t<\/div>\n\t\t\t\t<div class=\"elementor-element elementor-element-3678dd9e elementor-widget elementor-widget-text-editor\" data-id=\"3678dd9e\" data-element_type=\"widget\" data-e-type=\"widget\" data-widget_type=\"text-editor.default\">\n\t\t\t\t<div class=\"elementor-widget-container\">\n\t\t\t\t\t\t\t\t\t<p>Wir bieten spezialisierte Dienstleistungen f\u00fcr die R\u00fcckgewinnung von hochreinem Graphit aus ausgedienten Lithium-Ionen-Batteriematerialien:<\/p><ul><li>Fortschrittliche R\u00fcckgewinnungstechniken, die hochreinen Graphit mit minimaler Umweltbelastung extrahieren.<\/li><li>Materialcharakterisierung, um sicherzustellen, dass der r\u00fcckgewonnene Graphit Industriestandards f\u00fcr die Wiederverwendung in Batterieanoden und anderen Anwendungen erf\u00fcllt.<\/li><li>Ma\u00dfgeschneiderte L\u00f6sungen f\u00fcr Hersteller, Recycler und Energiespeicherunternehmen, die den Kreislauf von Batteriematerialien schlie\u00dfen m\u00f6chten.<\/li><\/ul>\t\t\t\t\t\t\t\t<\/div>\n\t\t\t\t<\/div>\n\t\t\t\t<\/div>\n\t\t<div class=\"elementor-element elementor-element-666d1e1f e-con-full e-flex e-con e-child\" data-id=\"666d1e1f\" data-element_type=\"container\" data-e-type=\"container\">\n\t\t\t\t<div class=\"elementor-element elementor-element-6074b584 elementor-widget elementor-widget-image\" data-id=\"6074b584\" data-element_type=\"widget\" data-e-type=\"widget\" data-widget_type=\"image.default\">\n\t\t\t\t<div class=\"elementor-widget-container\">\n\t\t\t\t\t\t\t\t\t\t\t\t\t\t\t<img decoding=\"async\" width=\"768\" height=\"1020\" src=\"https:\/\/wolfram-chemie.com\/wp-content\/uploads\/2025\/08\/PXL_20250821_112944561.PORTRAIT-768x1020.jpg\" class=\"attachment-medium_large size-medium_large wp-image-3048\" alt=\"\" srcset=\"https:\/\/wolfram-chemie.com\/wp-content\/uploads\/2025\/08\/PXL_20250821_112944561.PORTRAIT-768x1020.jpg 768w, https:\/\/wolfram-chemie.com\/wp-content\/uploads\/2025\/08\/PXL_20250821_112944561.PORTRAIT-226x300.jpg 226w, https:\/\/wolfram-chemie.com\/wp-content\/uploads\/2025\/08\/PXL_20250821_112944561.PORTRAIT-771x1024.jpg 771w, https:\/\/wolfram-chemie.com\/wp-content\/uploads\/2025\/08\/PXL_20250821_112944561.PORTRAIT-1157x1536.jpg 1157w, https:\/\/wolfram-chemie.com\/wp-content\/uploads\/2025\/08\/PXL_20250821_112944561.PORTRAIT-1542x2048.jpg 1542w, https:\/\/wolfram-chemie.com\/wp-content\/uploads\/2025\/08\/PXL_20250821_112944561.PORTRAIT-9x12.jpg 9w, https:\/\/wolfram-chemie.com\/wp-content\/uploads\/2025\/08\/PXL_20250821_112944561.PORTRAIT-scaled.jpg 1928w\" sizes=\"(max-width: 768px) 100vw, 768px\" \/>\t\t\t\t\t\t\t\t\t\t\t\t\t\t\t<\/div>\n\t\t\t\t<\/div>\n\t\t\t\t<\/div>\n\t\t\t\t<\/div>\n\t\t<div class=\"elementor-element elementor-element-d3181e5 e-flex e-con-boxed e-con e-parent\" data-id=\"d3181e5\" data-element_type=\"container\" data-e-type=\"container\">\n\t\t\t\t\t<div class=\"e-con-inner\">\n\t\t\t\t<div class=\"elementor-element elementor-element-949999a elementor-widget elementor-widget-spacer\" data-id=\"949999a\" data-element_type=\"widget\" data-e-type=\"widget\" data-widget_type=\"spacer.default\">\n\t\t\t\t<div class=\"elementor-widget-container\">\n\t\t\t\t\t\t\t<div class=\"elementor-spacer\">\n\t\t\t<div class=\"elementor-spacer-inner\"><\/div>\n\t\t<\/div>\n\t\t\t\t\t\t<\/div>\n\t\t\t\t<\/div>\n\t\t\t\t\t<\/div>\n\t\t\t\t<\/div>\n\t\t<div class=\"elementor-element elementor-element-caad26a e-con-full e-flex e-con e-parent\" data-id=\"caad26a\" data-element_type=\"container\" data-e-type=\"container\">\n\t\t<div class=\"elementor-element elementor-element-81b05f4 e-con-full e-flex e-con e-child\" data-id=\"81b05f4\" data-element_type=\"container\" data-e-type=\"container\">\n\t\t\t\t<div class=\"elementor-element elementor-element-93fd41d elementor-widget__width-initial elementor-widget-tablet__width-initial elementor-widget elementor-widget-heading\" data-id=\"93fd41d\" data-element_type=\"widget\" data-e-type=\"widget\" data-widget_type=\"heading.default\">\n\t\t\t\t<div class=\"elementor-widget-container\">\n\t\t\t\t\t<h1 class=\"elementor-heading-title elementor-size-default\">Wert aus Batterieabf\u00e4llen erschlie\u00dfen und gleichzeitig Nachhaltigkeitsziele vorantreiben<\/h1>\t\t\t\t<\/div>\n\t\t\t\t<\/div>\n\t\t\t\t<\/div>\n\t\t\t\t<\/div>\n\t\t<div class=\"elementor-element elementor-element-335cc65 e-flex e-con-boxed e-con e-parent\" data-id=\"335cc65\" data-element_type=\"container\" data-e-type=\"container\">\n\t\t\t\t\t<div class=\"e-con-inner\">\n\t\t\t\t<div class=\"elementor-element elementor-element-e2b28c5 elementor-mobile-align-center elementor-align-center elementor-widget elementor-widget-button\" data-id=\"e2b28c5\" data-element_type=\"widget\" data-e-type=\"widget\" data-widget_type=\"button.default\">\n\t\t\t\t<div class=\"elementor-widget-container\">\n\t\t\t\t\t\t\t\t\t<div class=\"elementor-button-wrapper\">\n\t\t\t\t\t<a class=\"elementor-button elementor-button-link elementor-size-sm\" href=\"https:\/\/wolfram.goliveprojects.de\/contact\/\">\n\t\t\t\t\t\t<span class=\"elementor-button-content-wrapper\">\n\t\t\t\t\t\t\t\t\t<span class=\"elementor-button-text\">Kontaktiere Sie uns<\/span>\n\t\t\t\t\t<\/span>\n\t\t\t\t\t<\/a>\n\t\t\t\t<\/div>\n\t\t\t\t\t\t\t\t<\/div>\n\t\t\t\t<\/div>\n\t\t\t\t<div class=\"elementor-element elementor-element-e44f484 elementor-widget elementor-widget-spacer\" data-id=\"e44f484\" data-element_type=\"widget\" data-e-type=\"widget\" data-widget_type=\"spacer.default\">\n\t\t\t\t<div class=\"elementor-widget-container\">\n\t\t\t\t\t\t\t<div class=\"elementor-spacer\">\n\t\t\t<div class=\"elementor-spacer-inner\"><\/div>\n\t\t<\/div>\n\t\t\t\t\t\t<\/div>\n\t\t\t\t<\/div>\n\t\t\t\t\t<\/div>\n\t\t\t\t<\/div>\n\t\t\t\t<\/div>\n\t\t","protected":false},"excerpt":{"rendered":"<p>Batteriematerial-Recycling Wir entwickeln innovative Verfahren zur R\u00fcckgewinnung und zum Recycling wertvoller Materialien aus Altbatterien und erm\u00f6glichen so Energiel\u00f6sungen der n\u00e4chsten Generation. Kontaktiere Sie uns Unsere Dienstleistungen Von Rohstoffen bis zum Recycling: unsere Expertise bei Anodenmaterialien f\u00fcr die neue Generation von Batterietechnologien. Schwarzmassenanalyse und -charakterisierung Wir bieten umfassende Analysen zur Bestimmung der chemischen Zusammensetzung, Reinheit und [&hellip;]<\/p>\n","protected":false},"author":4,"featured_media":0,"parent":0,"menu_order":0,"comment_status":"closed","ping_status":"closed","template":"elementor_theme","meta":{"inline_featured_image":false,"footnotes":""},"class_list":["post-3044","page","type-page","status-publish","hentry"],"yoast_head":"<!-- This site is optimized with the Yoast SEO plugin v27.3 - https:\/\/yoast.com\/product\/yoast-seo-wordpress\/ -->\n<title>Batterie-Recycling - Wolfram Chemie<\/title>\n<meta name=\"robots\" content=\"index, follow, max-snippet:-1, max-image-preview:large, max-video-preview:-1\" \/>\n<link rel=\"canonical\" href=\"https:\/\/wolfram-chemie.com\/de\/batterie-recycling\/\" \/>\n<meta property=\"og:locale\" content=\"de_DE\" \/>\n<meta property=\"og:type\" content=\"article\" \/>\n<meta property=\"og:title\" content=\"Batterie-Recycling - Wolfram Chemie\" \/>\n<meta property=\"og:description\" content=\"Batteriematerial-Recycling Wir entwickeln innovative Verfahren zur R\u00fcckgewinnung und zum Recycling wertvoller Materialien aus Altbatterien und erm\u00f6glichen so Energiel\u00f6sungen der n\u00e4chsten Generation. Kontaktiere Sie uns Unsere Dienstleistungen Von Rohstoffen bis zum Recycling: unsere Expertise bei Anodenmaterialien f\u00fcr die neue Generation von Batterietechnologien. Schwarzmassenanalyse und -charakterisierung Wir bieten umfassende Analysen zur Bestimmung der chemischen Zusammensetzung, Reinheit und [&hellip;]\" \/>\n<meta property=\"og:url\" content=\"https:\/\/wolfram-chemie.com\/de\/batterie-recycling\/\" \/>\n<meta property=\"og:site_name\" content=\"Wolfram Chemie\" \/>\n<meta property=\"article:modified_time\" content=\"2026-01-08T15:35:12+00:00\" \/>\n<meta property=\"og:image\" content=\"https:\/\/wolfram-chemie.com\/wp-content\/uploads\/2025\/08\/PXL_20250821_125832736.MP_-scaled.jpg\" \/>\n\t<meta property=\"og:image:width\" content=\"1928\" \/>\n\t<meta property=\"og:image:height\" content=\"2560\" \/>\n\t<meta property=\"og:image:type\" content=\"image\/jpeg\" \/>\n<meta name=\"twitter:card\" content=\"summary_large_image\" \/>\n<meta name=\"twitter:label1\" content=\"Gesch\u00e4tzte Lesezeit\" \/>\n\t<meta name=\"twitter:data1\" content=\"1\u00a0Minute\" \/>\n<!-- \/ Yoast SEO plugin. -->","yoast_head_json":{"title":"Batterie-Recycling - Wolfram Chemie","robots":{"index":"index","follow":"follow","max-snippet":"max-snippet:-1","max-image-preview":"max-image-preview:large","max-video-preview":"max-video-preview:-1"},"canonical":"https:\/\/wolfram-chemie.com\/de\/batterie-recycling\/","og_locale":"de_DE","og_type":"article","og_title":"Batterie-Recycling - Wolfram Chemie","og_description":"Batteriematerial-Recycling Wir entwickeln innovative Verfahren zur R\u00fcckgewinnung und zum Recycling wertvoller Materialien aus Altbatterien und erm\u00f6glichen so Energiel\u00f6sungen der n\u00e4chsten Generation. Kontaktiere Sie uns Unsere Dienstleistungen Von Rohstoffen bis zum Recycling: unsere Expertise bei Anodenmaterialien f\u00fcr die neue Generation von Batterietechnologien. Schwarzmassenanalyse und -charakterisierung Wir bieten umfassende Analysen zur Bestimmung der chemischen Zusammensetzung, Reinheit und [&hellip;]","og_url":"https:\/\/wolfram-chemie.com\/de\/batterie-recycling\/","og_site_name":"Wolfram Chemie","article_modified_time":"2026-01-08T15:35:12+00:00","og_image":[{"width":1928,"height":2560,"url":"https:\/\/wolfram-chemie.com\/wp-content\/uploads\/2025\/08\/PXL_20250821_125832736.MP_-scaled.jpg","type":"image\/jpeg"}],"twitter_card":"summary_large_image","twitter_misc":{"Gesch\u00e4tzte Lesezeit":"1\u00a0Minute"},"schema":{"@context":"https:\/\/schema.org","@graph":[{"@type":"WebPage","@id":"https:\/\/wolfram-chemie.com\/de\/batterie-recycling\/","url":"https:\/\/wolfram-chemie.com\/de\/batterie-recycling\/","name":"Batterie-Recycling - Wolfram Chemie","isPartOf":{"@id":"https:\/\/wolfram-chemie.com\/de\/#website"},"primaryImageOfPage":{"@id":"https:\/\/wolfram-chemie.com\/de\/batterie-recycling\/#primaryimage"},"image":{"@id":"https:\/\/wolfram-chemie.com\/de\/batterie-recycling\/#primaryimage"},"thumbnailUrl":"https:\/\/wolfram-chemie.com\/wp-content\/uploads\/2025\/08\/PXL_20250821_125832736.MP_-768x1020.jpg","datePublished":"2025-09-01T00:43:48+00:00","dateModified":"2026-01-08T15:35:12+00:00","breadcrumb":{"@id":"https:\/\/wolfram-chemie.com\/de\/batterie-recycling\/#breadcrumb"},"inLanguage":"de","potentialAction":[{"@type":"ReadAction","target":["https:\/\/wolfram-chemie.com\/de\/batterie-recycling\/"]}]},{"@type":"ImageObject","inLanguage":"de","@id":"https:\/\/wolfram-chemie.com\/de\/batterie-recycling\/#primaryimage","url":"https:\/\/wolfram-chemie.com\/wp-content\/uploads\/2025\/08\/PXL_20250821_125832736.MP_-768x1020.jpg","contentUrl":"https:\/\/wolfram-chemie.com\/wp-content\/uploads\/2025\/08\/PXL_20250821_125832736.MP_-768x1020.jpg"},{"@type":"BreadcrumbList","@id":"https:\/\/wolfram-chemie.com\/de\/batterie-recycling\/#breadcrumb","itemListElement":[{"@type":"ListItem","position":1,"name":"Startseite","item":"https:\/\/wolfram-chemie.com\/de\/startseite\/"},{"@type":"ListItem","position":2,"name":"Batterie-Recycling"}]},{"@type":"WebSite","@id":"https:\/\/wolfram-chemie.com\/de\/#website","url":"https:\/\/wolfram-chemie.com\/de\/","name":"Wolfram Chemie","description":"","publisher":{"@id":"https:\/\/wolfram-chemie.com\/de\/#organization"},"potentialAction":[{"@type":"SearchAction","target":{"@type":"EntryPoint","urlTemplate":"https:\/\/wolfram-chemie.com\/de\/?s={search_term_string}"},"query-input":{"@type":"PropertyValueSpecification","valueRequired":true,"valueName":"search_term_string"}}],"inLanguage":"de"},{"@type":"Organization","@id":"https:\/\/wolfram-chemie.com\/de\/#organization","name":"Wolfram Chemie","url":"https:\/\/wolfram-chemie.com\/de\/","logo":{"@type":"ImageObject","inLanguage":"de","@id":"https:\/\/wolfram-chemie.com\/de\/#\/schema\/logo\/image\/","url":"https:\/\/wolfram-chemie.com\/wp-content\/uploads\/2022\/10\/Bildschirmfoto-2022-10-05-um-13.23.46.png","contentUrl":"https:\/\/wolfram-chemie.com\/wp-content\/uploads\/2022\/10\/Bildschirmfoto-2022-10-05-um-13.23.46.png","width":1138,"height":142,"caption":"Wolfram Chemie"},"image":{"@id":"https:\/\/wolfram-chemie.com\/de\/#\/schema\/logo\/image\/"}}]}},"_links":{"self":[{"href":"https:\/\/wolfram-chemie.com\/de\/wp-json\/wp\/v2\/pages\/3044","targetHints":{"allow":["GET"]}}],"collection":[{"href":"https:\/\/wolfram-chemie.com\/de\/wp-json\/wp\/v2\/pages"}],"about":[{"href":"https:\/\/wolfram-chemie.com\/de\/wp-json\/wp\/v2\/types\/page"}],"author":[{"embeddable":true,"href":"https:\/\/wolfram-chemie.com\/de\/wp-json\/wp\/v2\/users\/4"}],"replies":[{"embeddable":true,"href":"https:\/\/wolfram-chemie.com\/de\/wp-json\/wp\/v2\/comments?post=3044"}],"version-history":[{"count":4,"href":"https:\/\/wolfram-chemie.com\/de\/wp-json\/wp\/v2\/pages\/3044\/revisions"}],"predecessor-version":[{"id":3241,"href":"https:\/\/wolfram-chemie.com\/de\/wp-json\/wp\/v2\/pages\/3044\/revisions\/3241"}],"wp:attachment":[{"href":"https:\/\/wolfram-chemie.com\/de\/wp-json\/wp\/v2\/media?parent=3044"}],"curies":[{"name":"wp","href":"https:\/\/api.w.org\/{rel}","templated":true}]}}