{"id":3053,"date":"2024-02-21T16:10:17","date_gmt":"2024-02-21T16:10:17","guid":{"rendered":"https:\/\/wolfram-chemie.com\/forschung-und-entwicklung\/"},"modified":"2026-01-07T12:03:54","modified_gmt":"2026-01-07T12:03:54","slug":"forschung-und-entwicklung","status":"publish","type":"page","link":"https:\/\/wolfram-chemie.com\/de\/forschung-und-entwicklung\/","title":{"rendered":"Forschung und Entwicklung"},"content":{"rendered":"\t\t<div data-elementor-type=\"wp-post\" data-elementor-id=\"3053\" class=\"elementor elementor-3053 elementor-1693\" data-elementor-post-type=\"page\">\n\t\t\t\t<div class=\"elementor-element elementor-element-c10ed15 e-con-full e-flex e-con e-parent\" data-id=\"c10ed15\" data-element_type=\"container\" data-e-type=\"container\" data-settings=\"{&quot;background_background&quot;:&quot;classic&quot;}\">\n\t\t<div class=\"elementor-element elementor-element-38c7025 e-con-full e-flex e-con e-child\" data-id=\"38c7025\" data-element_type=\"container\" data-e-type=\"container\" data-settings=\"{&quot;background_background&quot;:&quot;classic&quot;}\">\n\t\t<div class=\"elementor-element elementor-element-c0b5545 e-con-full e-flex e-con e-child\" data-id=\"c0b5545\" data-element_type=\"container\" data-e-type=\"container\">\n\t\t\t\t<div class=\"elementor-element elementor-element-1939fbc elementor-widget elementor-widget-heading\" data-id=\"1939fbc\" data-element_type=\"widget\" data-e-type=\"widget\" data-widget_type=\"heading.default\">\n\t\t\t\t<div class=\"elementor-widget-container\">\n\t\t\t\t\t<h1 class=\"elementor-heading-title elementor-size-default\">Forschung und Entwicklung<\/h1>\t\t\t\t<\/div>\n\t\t\t\t<\/div>\n\t\t\t\t<div class=\"elementor-element elementor-element-f2c7ce5 elementor-widget-tablet__width-initial elementor-widget elementor-widget-text-editor\" data-id=\"f2c7ce5\" data-element_type=\"widget\" data-e-type=\"widget\" data-widget_type=\"text-editor.default\">\n\t\t\t\t<div class=\"elementor-widget-container\">\n\t\t\t\t\t\t\t\t\t<p>Unsere F&amp;E-Dienstleistungen erm\u00f6glichen es Unternehmen \u2013 insbesondere KMU und Start-ups \u2013, Innovationen voranzutreiben, Umweltherausforderungen anzugehen und ihre Nachhaltigkeitsreise voranzubringen.<\/p>\t\t\t\t\t\t\t\t<\/div>\n\t\t\t\t<\/div>\n\t\t\t\t<div class=\"elementor-element elementor-element-b11ab0b elementor-mobile-align-center elementor-widget elementor-widget-button\" data-id=\"b11ab0b\" data-element_type=\"widget\" data-e-type=\"widget\" data-widget_type=\"button.default\">\n\t\t\t\t<div class=\"elementor-widget-container\">\n\t\t\t\t\t\t\t\t\t<div class=\"elementor-button-wrapper\">\n\t\t\t\t\t<a class=\"elementor-button elementor-button-link elementor-size-sm\" href=\"https:\/\/wolfram.goliveprojects.de\/contact\/\">\n\t\t\t\t\t\t<span class=\"elementor-button-content-wrapper\">\n\t\t\t\t\t\t\t\t\t<span class=\"elementor-button-text\">Kontaktieren Sie uns<\/span>\n\t\t\t\t\t<\/span>\n\t\t\t\t\t<\/a>\n\t\t\t\t<\/div>\n\t\t\t\t\t\t\t\t<\/div>\n\t\t\t\t<\/div>\n\t\t\t\t<\/div>\n\t\t<div class=\"elementor-element elementor-element-1d8b3cb e-con-full e-flex e-con e-child\" data-id=\"1d8b3cb\" data-element_type=\"container\" data-e-type=\"container\">\n\t\t\t\t<div class=\"elementor-element elementor-element-26d6ff1 elementor-widget-tablet__width-inherit elementor-invisible elementor-widget elementor-widget-image\" data-id=\"26d6ff1\" data-element_type=\"widget\" data-e-type=\"widget\" data-settings=\"{&quot;_animation&quot;:&quot;fadeIn&quot;}\" data-widget_type=\"image.default\">\n\t\t\t\t<div class=\"elementor-widget-container\">\n\t\t\t\t\t\t\t\t\t\t\t\t\t\t\t<img fetchpriority=\"high\" decoding=\"async\" width=\"800\" height=\"534\" src=\"https:\/\/wolfram-chemie.com\/wp-content\/uploads\/2023\/04\/VAL6012-Copy-1024x683.jpg\" class=\"attachment-large size-large wp-image-2966\" alt=\"\" srcset=\"https:\/\/wolfram-chemie.com\/wp-content\/uploads\/2023\/04\/VAL6012-Copy-1024x683.jpg 1024w, https:\/\/wolfram-chemie.com\/wp-content\/uploads\/2023\/04\/VAL6012-Copy-300x200.jpg 300w, https:\/\/wolfram-chemie.com\/wp-content\/uploads\/2023\/04\/VAL6012-Copy-768x512.jpg 768w, https:\/\/wolfram-chemie.com\/wp-content\/uploads\/2023\/04\/VAL6012-Copy-1536x1024.jpg 1536w, https:\/\/wolfram-chemie.com\/wp-content\/uploads\/2023\/04\/VAL6012-Copy-2048x1365.jpg 2048w, https:\/\/wolfram-chemie.com\/wp-content\/uploads\/2023\/04\/VAL6012-Copy-18x12.jpg 18w\" sizes=\"(max-width: 800px) 100vw, 800px\" \/>\t\t\t\t\t\t\t\t\t\t\t\t\t\t\t<\/div>\n\t\t\t\t<\/div>\n\t\t\t\t<\/div>\n\t\t\t\t<\/div>\n\t\t\t\t<\/div>\n\t\t<div class=\"elementor-element elementor-element-5e888f9d e-con-full e-flex e-con e-parent\" data-id=\"5e888f9d\" data-element_type=\"container\" data-e-type=\"container\" data-settings=\"{&quot;background_background&quot;:&quot;classic&quot;}\">\n\t\t<div class=\"elementor-element elementor-element-2f2b1600 e-con-full e-flex e-con e-child\" data-id=\"2f2b1600\" data-element_type=\"container\" data-e-type=\"container\">\n\t\t\t\t<div class=\"elementor-element elementor-element-4c6757a6 elementor-widget elementor-widget-image\" data-id=\"4c6757a6\" data-element_type=\"widget\" data-e-type=\"widget\" data-widget_type=\"image.default\">\n\t\t\t\t<div class=\"elementor-widget-container\">\n\t\t\t\t\t\t\t\t\t\t\t\t\t\t\t<img decoding=\"async\" width=\"768\" height=\"487\" src=\"https:\/\/wolfram-chemie.com\/wp-content\/uploads\/2025\/08\/PXL_20250821_125844327-scaled-e1756374477580-768x487.jpg\" class=\"attachment-medium_large size-medium_large wp-image-2967\" alt=\"\" srcset=\"https:\/\/wolfram-chemie.com\/wp-content\/uploads\/2025\/08\/PXL_20250821_125844327-scaled-e1756374477580-768x487.jpg 768w, https:\/\/wolfram-chemie.com\/wp-content\/uploads\/2025\/08\/PXL_20250821_125844327-scaled-e1756374477580-300x190.jpg 300w, https:\/\/wolfram-chemie.com\/wp-content\/uploads\/2025\/08\/PXL_20250821_125844327-scaled-e1756374477580-1024x649.jpg 1024w, https:\/\/wolfram-chemie.com\/wp-content\/uploads\/2025\/08\/PXL_20250821_125844327-scaled-e1756374477580-18x12.jpg 18w, https:\/\/wolfram-chemie.com\/wp-content\/uploads\/2025\/08\/PXL_20250821_125844327-scaled-e1756374477580.jpg 1520w\" sizes=\"(max-width: 768px) 100vw, 768px\" \/>\t\t\t\t\t\t\t\t\t\t\t\t\t\t\t<\/div>\n\t\t\t\t<\/div>\n\t\t\t\t<\/div>\n\t\t<div class=\"elementor-element elementor-element-2097dfbd e-con-full e-flex e-con e-child\" data-id=\"2097dfbd\" data-element_type=\"container\" data-e-type=\"container\">\n\t\t\t\t<div class=\"elementor-element elementor-element-298beafb elementor-widget elementor-widget-heading\" data-id=\"298beafb\" data-element_type=\"widget\" data-e-type=\"widget\" data-widget_type=\"heading.default\">\n\t\t\t\t<div class=\"elementor-widget-container\">\n\t\t\t\t\t<h1 class=\"elementor-heading-title elementor-size-default\">Unsere Dienstleistungen<\/h1>\t\t\t\t<\/div>\n\t\t\t\t<\/div>\n\t\t\t\t<div class=\"elementor-element elementor-element-151d4fc7 elementor-widget-tablet__width-initial elementor-widget elementor-widget-text-editor\" data-id=\"151d4fc7\" data-element_type=\"widget\" data-e-type=\"widget\" data-widget_type=\"text-editor.default\">\n\t\t\t\t<div class=\"elementor-widget-container\">\n\t\t\t\t\t\t\t\t\t<p>Ob wir private Unternehmen betreuen oder an \u00f6ffentlich gef\u00f6rderten Initiativen mitarbeiten, Wolfram Chemie bringt einen reichen Erfahrungsschatz mit, unterst\u00fctzt durch die intern durchgef\u00fchrten Analysedienstleistungen, um Unternehmen dabei zu unterst\u00fctzen, nachhaltigere und effizientere Produkte und Prozesse zu realisieren.<\/p><p>Mit einer nachweislichen Erfolgsbilanz bei der Beantragung, Durchf\u00fchrung und Berichterstattung \u00f6ffentlicher Projekte navigiert unser Team die Komplexit\u00e4t von Forschungsbestrebungen mit Pr\u00e4zision und Fachwissen und stellt sicher, dass jedes Vorhaben sein volles Potenzial entfaltet.<\/p>\t\t\t\t\t\t\t\t<\/div>\n\t\t\t\t<\/div>\n\t\t\t\t<\/div>\n\t\t\t\t<\/div>\n\t\t<div class=\"elementor-element elementor-element-5f87604e e-con-full e-flex e-con e-parent\" data-id=\"5f87604e\" data-element_type=\"container\" data-e-type=\"container\" data-settings=\"{&quot;background_background&quot;:&quot;classic&quot;}\">\n\t\t<div class=\"elementor-element elementor-element-28e1121a e-con-full e-flex e-con e-child\" data-id=\"28e1121a\" data-element_type=\"container\" data-e-type=\"container\">\n\t\t\t\t<div class=\"elementor-element elementor-element-60545df9 elementor-widget elementor-widget-heading\" data-id=\"60545df9\" data-element_type=\"widget\" data-e-type=\"widget\" data-widget_type=\"heading.default\">\n\t\t\t\t<div class=\"elementor-widget-container\">\n\t\t\t\t\t<h2 class=\"elementor-heading-title elementor-size-default\">Innovative F&amp;E-L\u00f6sungen f\u00fcr KMU, Start-ups und Industriepartner<\/h2>\t\t\t\t<\/div>\n\t\t\t\t<\/div>\n\t\t\t\t<div class=\"elementor-element elementor-element-69250f46 elementor-widget elementor-widget-text-editor\" data-id=\"69250f46\" data-element_type=\"widget\" data-e-type=\"widget\" data-widget_type=\"text-editor.default\">\n\t\t\t\t<div class=\"elementor-widget-container\">\n\t\t\t\t\t\t\t\t\t<p>Wir unterst\u00fctzen private Unternehmen dabei, technologiebasierte und nachhaltigkeitsorientierte L\u00f6sungen in den Bereichen Chemie, Bergbau und erneuerbare Energien zu integrieren.<\/p><p>F\u00f6rdern Sie das Wachstum und die Innovation Ihres Unternehmens durch unsere F&amp;E-Dienstleistungen, die darauf ausgelegt sind, neue M\u00f6glichkeiten zu erschlie\u00dfen und Wettbewerbsvorteile zu schaffen.<\/p>\t\t\t\t\t\t\t\t<\/div>\n\t\t\t\t<\/div>\n\t\t\t\t<\/div>\n\t\t<div class=\"elementor-element elementor-element-7352715b e-con-full e-flex e-con e-child\" data-id=\"7352715b\" data-element_type=\"container\" data-e-type=\"container\">\n\t\t\t\t<div class=\"elementor-element elementor-element-7528d9ef elementor-widget elementor-widget-image\" data-id=\"7528d9ef\" data-element_type=\"widget\" data-e-type=\"widget\" data-widget_type=\"image.default\">\n\t\t\t\t<div class=\"elementor-widget-container\">\n\t\t\t\t\t\t\t\t\t\t\t\t\t\t\t<img decoding=\"async\" width=\"768\" height=\"512\" src=\"https:\/\/wolfram-chemie.com\/wp-content\/uploads\/2024\/02\/VAL6229-Copy-768x512.jpg\" class=\"attachment-medium_large size-medium_large wp-image-2968\" alt=\"\" srcset=\"https:\/\/wolfram-chemie.com\/wp-content\/uploads\/2024\/02\/VAL6229-Copy-768x512.jpg 768w, https:\/\/wolfram-chemie.com\/wp-content\/uploads\/2024\/02\/VAL6229-Copy-300x200.jpg 300w, https:\/\/wolfram-chemie.com\/wp-content\/uploads\/2024\/02\/VAL6229-Copy-1024x683.jpg 1024w, https:\/\/wolfram-chemie.com\/wp-content\/uploads\/2024\/02\/VAL6229-Copy-1536x1024.jpg 1536w, https:\/\/wolfram-chemie.com\/wp-content\/uploads\/2024\/02\/VAL6229-Copy-2048x1365.jpg 2048w, https:\/\/wolfram-chemie.com\/wp-content\/uploads\/2024\/02\/VAL6229-Copy-18x12.jpg 18w\" sizes=\"(max-width: 768px) 100vw, 768px\" \/>\t\t\t\t\t\t\t\t\t\t\t\t\t\t\t<\/div>\n\t\t\t\t<\/div>\n\t\t\t\t<\/div>\n\t\t\t\t<\/div>\n\t\t<div class=\"elementor-element elementor-element-61c9be46 e-con-full e-flex e-con e-parent\" data-id=\"61c9be46\" data-element_type=\"container\" data-e-type=\"container\" data-settings=\"{&quot;background_background&quot;:&quot;classic&quot;}\">\n\t\t<div class=\"elementor-element elementor-element-41e8c215 e-con-full e-flex e-con e-child\" data-id=\"41e8c215\" data-element_type=\"container\" data-e-type=\"container\">\n\t\t\t\t<div class=\"elementor-element elementor-element-6d567c6c elementor-widget elementor-widget-heading\" data-id=\"6d567c6c\" data-element_type=\"widget\" data-e-type=\"widget\" data-widget_type=\"heading.default\">\n\t\t\t\t<div class=\"elementor-widget-container\">\n\t\t\t\t\t<h2 class=\"elementor-heading-title elementor-size-default\">F&amp;E-Kooperationsprojekte mit Forschungseinrichtungen<\/h2>\t\t\t\t<\/div>\n\t\t\t\t<\/div>\n\t\t\t\t<div class=\"elementor-element elementor-element-26a1207e elementor-widget elementor-widget-text-editor\" data-id=\"26a1207e\" data-element_type=\"widget\" data-e-type=\"widget\" data-widget_type=\"text-editor.default\">\n\t\t\t\t<div class=\"elementor-widget-container\">\n\t\t\t\t\t\t\t\t\t<p>Umfassende Erfahrung bei der Beantragung, Durchf\u00fchrung und Berichterstattung \u00f6ffentlich gef\u00f6rderter Projekte, die Innovation und langfristige Wertsch\u00f6pfung vorantreibt.<\/p><p>Wir k\u00f6nnen Ihr n\u00e4chster Projektpartner sein oder Sie im Antragsprozess unterst\u00fctzen (vollst\u00e4ndig oder teilweise).<\/p>\t\t\t\t\t\t\t\t<\/div>\n\t\t\t\t<\/div>\n\t\t\t\t<\/div>\n\t\t<div class=\"elementor-element elementor-element-5f12d5b6 e-con-full e-flex e-con e-child\" data-id=\"5f12d5b6\" data-element_type=\"container\" data-e-type=\"container\">\n\t\t\t\t<div class=\"elementor-element elementor-element-4b13c426 elementor-widget elementor-widget-image\" data-id=\"4b13c426\" data-element_type=\"widget\" data-e-type=\"widget\" data-widget_type=\"image.default\">\n\t\t\t\t<div class=\"elementor-widget-container\">\n\t\t\t\t\t\t\t\t\t\t\t\t\t\t\t<img loading=\"lazy\" decoding=\"async\" width=\"768\" height=\"432\" src=\"https:\/\/wolfram-chemie.com\/wp-content\/uploads\/2024\/02\/Untitled-design-8-768x432.png\" class=\"attachment-medium_large size-medium_large wp-image-2969\" alt=\"\" srcset=\"https:\/\/wolfram-chemie.com\/wp-content\/uploads\/2024\/02\/Untitled-design-8-768x432.png 768w, https:\/\/wolfram-chemie.com\/wp-content\/uploads\/2024\/02\/Untitled-design-8-300x169.png 300w, https:\/\/wolfram-chemie.com\/wp-content\/uploads\/2024\/02\/Untitled-design-8-1024x576.png 1024w, https:\/\/wolfram-chemie.com\/wp-content\/uploads\/2024\/02\/Untitled-design-8-1536x864.png 1536w, https:\/\/wolfram-chemie.com\/wp-content\/uploads\/2024\/02\/Untitled-design-8-2048x1152.png 2048w, https:\/\/wolfram-chemie.com\/wp-content\/uploads\/2024\/02\/Untitled-design-8-18x10.png 18w, https:\/\/wolfram-chemie.com\/wp-content\/uploads\/2024\/02\/elementor\/thumbs\/Untitled-design-8-qk54jvrzbf7aiy2ggz3oe369qurw2ll5zwxvewmt1m.png 2w\" sizes=\"(max-width: 768px) 100vw, 768px\" \/>\t\t\t\t\t\t\t\t\t\t\t\t\t\t\t<\/div>\n\t\t\t\t<\/div>\n\t\t\t\t<\/div>\n\t\t\t\t<\/div>\n\t\t<div class=\"elementor-element elementor-element-3e640e9 e-flex e-con-boxed e-con e-parent\" data-id=\"3e640e9\" data-element_type=\"container\" data-e-type=\"container\" data-settings=\"{&quot;background_background&quot;:&quot;classic&quot;}\">\n\t\t\t\t\t<div class=\"e-con-inner\">\n\t\t\t\t<div class=\"elementor-element elementor-element-6685697 elementor-widget elementor-widget-spacer\" data-id=\"6685697\" data-element_type=\"widget\" data-e-type=\"widget\" data-widget_type=\"spacer.default\">\n\t\t\t\t<div class=\"elementor-widget-container\">\n\t\t\t\t\t\t\t<div class=\"elementor-spacer\">\n\t\t\t<div class=\"elementor-spacer-inner\"><\/div>\n\t\t<\/div>\n\t\t\t\t\t\t<\/div>\n\t\t\t\t<\/div>\n\t\t\t\t\t<\/div>\n\t\t\t\t<\/div>\n\t\t\t\t<section class=\"elementor-section elementor-top-section elementor-element elementor-element-68090b2e elementor-section-boxed elementor-section-height-default elementor-section-height-default\" data-id=\"68090b2e\" data-element_type=\"section\" data-e-type=\"section\" data-settings=\"{&quot;background_background&quot;:&quot;classic&quot;}\">\n\t\t\t\t\t\t<div class=\"elementor-container elementor-column-gap-default\">\n\t\t\t\t\t<div class=\"elementor-column elementor-col-100 elementor-top-column elementor-element elementor-element-914c7e1\" data-id=\"914c7e1\" data-element_type=\"column\" data-e-type=\"column\">\n\t\t\t<div class=\"elementor-widget-wrap elementor-element-populated\">\n\t\t\t\t\t\t<div class=\"elementor-element elementor-element-6784fdf0 elementor-widget elementor-widget-spacer\" data-id=\"6784fdf0\" data-element_type=\"widget\" data-e-type=\"widget\" data-widget_type=\"spacer.default\">\n\t\t\t\t<div class=\"elementor-widget-container\">\n\t\t\t\t\t\t\t<div class=\"elementor-spacer\">\n\t\t\t<div class=\"elementor-spacer-inner\"><\/div>\n\t\t<\/div>\n\t\t\t\t\t\t<\/div>\n\t\t\t\t<\/div>\n\t\t\t\t<div class=\"elementor-element elementor-element-69d76690 elementor-widget elementor-widget-heading\" data-id=\"69d76690\" data-element_type=\"widget\" data-e-type=\"widget\" data-widget_type=\"heading.default\">\n\t\t\t\t<div class=\"elementor-widget-container\">\n\t\t\t\t\t<h1 class=\"elementor-heading-title elementor-size-large\">M\u00f6chten Sie Ihre Ideen in nachhaltige Innovationen umwandeln?<\/h1>\t\t\t\t<\/div>\n\t\t\t\t<\/div>\n\t\t\t\t<div class=\"elementor-element elementor-element-6527a1ab elementor-widget elementor-widget-spacer\" data-id=\"6527a1ab\" data-element_type=\"widget\" data-e-type=\"widget\" data-widget_type=\"spacer.default\">\n\t\t\t\t<div class=\"elementor-widget-container\">\n\t\t\t\t\t\t\t<div class=\"elementor-spacer\">\n\t\t\t<div class=\"elementor-spacer-inner\"><\/div>\n\t\t<\/div>\n\t\t\t\t\t\t<\/div>\n\t\t\t\t<\/div>\n\t\t\t\t<div class=\"elementor-element elementor-element-5b4979b elementor-mobile-align-center elementor-align-center elementor-widget elementor-widget-button\" data-id=\"5b4979b\" data-element_type=\"widget\" data-e-type=\"widget\" data-widget_type=\"button.default\">\n\t\t\t\t<div class=\"elementor-widget-container\">\n\t\t\t\t\t\t\t\t\t<div class=\"elementor-button-wrapper\">\n\t\t\t\t\t<a class=\"elementor-button elementor-button-link elementor-size-sm\" href=\"https:\/\/wolfram.goliveprojects.de\/contact\/\">\n\t\t\t\t\t\t<span class=\"elementor-button-content-wrapper\">\n\t\t\t\t\t\t\t\t\t<span class=\"elementor-button-text\">Kontaktieren Sie uns<\/span>\n\t\t\t\t\t<\/span>\n\t\t\t\t\t<\/a>\n\t\t\t\t<\/div>\n\t\t\t\t\t\t\t\t<\/div>\n\t\t\t\t<\/div>\n\t\t\t\t\t<\/div>\n\t\t<\/div>\n\t\t\t\t\t<\/div>\n\t\t<\/section>\n\t\t<div class=\"elementor-element elementor-element-339428e e-flex e-con-boxed e-con e-parent\" data-id=\"339428e\" data-element_type=\"container\" data-e-type=\"container\">\n\t\t\t\t\t<div class=\"e-con-inner\">\n\t\t\t\t<div class=\"elementor-element elementor-element-1c020d4 elementor-widget elementor-widget-spacer\" data-id=\"1c020d4\" data-element_type=\"widget\" data-e-type=\"widget\" data-widget_type=\"spacer.default\">\n\t\t\t\t<div class=\"elementor-widget-container\">\n\t\t\t\t\t\t\t<div class=\"elementor-spacer\">\n\t\t\t<div class=\"elementor-spacer-inner\"><\/div>\n\t\t<\/div>\n\t\t\t\t\t\t<\/div>\n\t\t\t\t<\/div>\n\t\t\t\t\t<\/div>\n\t\t\t\t<\/div>\n\t\t\t\t<\/div>\n\t\t","protected":false},"excerpt":{"rendered":"<p>Forschung und Entwicklung Unsere F&amp;E-Dienstleistungen erm\u00f6glichen es Unternehmen \u2013 insbesondere KMU und Start-ups \u2013, Innovationen voranzutreiben, Umweltherausforderungen anzugehen und ihre Nachhaltigkeitsreise voranzubringen. Kontaktieren Sie uns Unsere Dienstleistungen Ob wir private Unternehmen betreuen oder an \u00f6ffentlich gef\u00f6rderten Initiativen mitarbeiten, Wolfram Chemie bringt einen reichen Erfahrungsschatz mit, unterst\u00fctzt durch die intern durchgef\u00fchrten Analysedienstleistungen, um Unternehmen dabei zu [&hellip;]<\/p>\n","protected":false},"author":2,"featured_media":0,"parent":0,"menu_order":0,"comment_status":"closed","ping_status":"closed","template":"","meta":{"inline_featured_image":false,"footnotes":""},"class_list":["post-3053","page","type-page","status-publish","hentry"],"yoast_head":"<!-- This site is optimized with the Yoast SEO plugin v27.3 - https:\/\/yoast.com\/product\/yoast-seo-wordpress\/ -->\n<title>Forschung und Entwicklung - Wolfram Chemie<\/title>\n<meta name=\"robots\" content=\"index, follow, max-snippet:-1, max-image-preview:large, max-video-preview:-1\" \/>\n<link rel=\"canonical\" href=\"https:\/\/wolfram-chemie.com\/de\/forschung-und-entwicklung\/\" \/>\n<meta property=\"og:locale\" content=\"de_DE\" \/>\n<meta property=\"og:type\" content=\"article\" \/>\n<meta property=\"og:title\" content=\"Forschung und Entwicklung - Wolfram Chemie\" \/>\n<meta property=\"og:description\" content=\"Forschung und Entwicklung Unsere F&amp;E-Dienstleistungen erm\u00f6glichen es Unternehmen \u2013 insbesondere KMU und Start-ups \u2013, Innovationen voranzutreiben, Umweltherausforderungen anzugehen und ihre Nachhaltigkeitsreise voranzubringen. Kontaktieren Sie uns Unsere Dienstleistungen Ob wir private Unternehmen betreuen oder an \u00f6ffentlich gef\u00f6rderten Initiativen mitarbeiten, Wolfram Chemie bringt einen reichen Erfahrungsschatz mit, unterst\u00fctzt durch die intern durchgef\u00fchrten Analysedienstleistungen, um Unternehmen dabei zu [&hellip;]\" \/>\n<meta property=\"og:url\" content=\"https:\/\/wolfram-chemie.com\/de\/forschung-und-entwicklung\/\" \/>\n<meta property=\"og:site_name\" content=\"Wolfram Chemie\" \/>\n<meta property=\"article:modified_time\" content=\"2026-01-07T12:03:54+00:00\" \/>\n<meta property=\"og:image\" content=\"https:\/\/wolfram-chemie.com\/wp-content\/uploads\/2023\/04\/VAL6012-Copy.jpg\" \/>\n\t<meta property=\"og:image:width\" content=\"2073\" \/>\n\t<meta property=\"og:image:height\" content=\"1382\" \/>\n\t<meta property=\"og:image:type\" content=\"image\/jpeg\" \/>\n<meta name=\"twitter:card\" content=\"summary_large_image\" \/>\n<meta name=\"twitter:label1\" content=\"Gesch\u00e4tzte Lesezeit\" \/>\n\t<meta name=\"twitter:data1\" content=\"1\u00a0Minute\" \/>\n<!-- \/ Yoast SEO plugin. -->","yoast_head_json":{"title":"Forschung und Entwicklung - Wolfram Chemie","robots":{"index":"index","follow":"follow","max-snippet":"max-snippet:-1","max-image-preview":"max-image-preview:large","max-video-preview":"max-video-preview:-1"},"canonical":"https:\/\/wolfram-chemie.com\/de\/forschung-und-entwicklung\/","og_locale":"de_DE","og_type":"article","og_title":"Forschung und Entwicklung - Wolfram Chemie","og_description":"Forschung und Entwicklung Unsere F&amp;E-Dienstleistungen erm\u00f6glichen es Unternehmen \u2013 insbesondere KMU und Start-ups \u2013, Innovationen voranzutreiben, Umweltherausforderungen anzugehen und ihre Nachhaltigkeitsreise voranzubringen. Kontaktieren Sie uns Unsere Dienstleistungen Ob wir private Unternehmen betreuen oder an \u00f6ffentlich gef\u00f6rderten Initiativen mitarbeiten, Wolfram Chemie bringt einen reichen Erfahrungsschatz mit, unterst\u00fctzt durch die intern durchgef\u00fchrten Analysedienstleistungen, um Unternehmen dabei zu [&hellip;]","og_url":"https:\/\/wolfram-chemie.com\/de\/forschung-und-entwicklung\/","og_site_name":"Wolfram Chemie","article_modified_time":"2026-01-07T12:03:54+00:00","og_image":[{"width":2073,"height":1382,"url":"https:\/\/wolfram-chemie.com\/wp-content\/uploads\/2023\/04\/VAL6012-Copy.jpg","type":"image\/jpeg"}],"twitter_card":"summary_large_image","twitter_misc":{"Gesch\u00e4tzte Lesezeit":"1\u00a0Minute"},"schema":{"@context":"https:\/\/schema.org","@graph":[{"@type":"WebPage","@id":"https:\/\/wolfram-chemie.com\/de\/forschung-und-entwicklung\/","url":"https:\/\/wolfram-chemie.com\/de\/forschung-und-entwicklung\/","name":"Forschung und Entwicklung - Wolfram Chemie","isPartOf":{"@id":"https:\/\/wolfram-chemie.com\/de\/#website"},"primaryImageOfPage":{"@id":"https:\/\/wolfram-chemie.com\/de\/forschung-und-entwicklung\/#primaryimage"},"image":{"@id":"https:\/\/wolfram-chemie.com\/de\/forschung-und-entwicklung\/#primaryimage"},"thumbnailUrl":"https:\/\/wolfram-chemie.com\/wp-content\/uploads\/2023\/04\/VAL6012-Copy-1024x683.jpg","datePublished":"2024-02-21T16:10:17+00:00","dateModified":"2026-01-07T12:03:54+00:00","breadcrumb":{"@id":"https:\/\/wolfram-chemie.com\/de\/forschung-und-entwicklung\/#breadcrumb"},"inLanguage":"de","potentialAction":[{"@type":"ReadAction","target":["https:\/\/wolfram-chemie.com\/de\/forschung-und-entwicklung\/"]}]},{"@type":"ImageObject","inLanguage":"de","@id":"https:\/\/wolfram-chemie.com\/de\/forschung-und-entwicklung\/#primaryimage","url":"https:\/\/wolfram-chemie.com\/wp-content\/uploads\/2023\/04\/VAL6012-Copy-1024x683.jpg","contentUrl":"https:\/\/wolfram-chemie.com\/wp-content\/uploads\/2023\/04\/VAL6012-Copy-1024x683.jpg"},{"@type":"BreadcrumbList","@id":"https:\/\/wolfram-chemie.com\/de\/forschung-und-entwicklung\/#breadcrumb","itemListElement":[{"@type":"ListItem","position":1,"name":"Startseite","item":"https:\/\/wolfram-chemie.com\/de\/startseite\/"},{"@type":"ListItem","position":2,"name":"Forschung und Entwicklung"}]},{"@type":"WebSite","@id":"https:\/\/wolfram-chemie.com\/de\/#website","url":"https:\/\/wolfram-chemie.com\/de\/","name":"Wolfram Chemie","description":"","publisher":{"@id":"https:\/\/wolfram-chemie.com\/de\/#organization"},"potentialAction":[{"@type":"SearchAction","target":{"@type":"EntryPoint","urlTemplate":"https:\/\/wolfram-chemie.com\/de\/?s={search_term_string}"},"query-input":{"@type":"PropertyValueSpecification","valueRequired":true,"valueName":"search_term_string"}}],"inLanguage":"de"},{"@type":"Organization","@id":"https:\/\/wolfram-chemie.com\/de\/#organization","name":"Wolfram Chemie","url":"https:\/\/wolfram-chemie.com\/de\/","logo":{"@type":"ImageObject","inLanguage":"de","@id":"https:\/\/wolfram-chemie.com\/de\/#\/schema\/logo\/image\/","url":"https:\/\/wolfram-chemie.com\/wp-content\/uploads\/2022\/10\/Bildschirmfoto-2022-10-05-um-13.23.46.png","contentUrl":"https:\/\/wolfram-chemie.com\/wp-content\/uploads\/2022\/10\/Bildschirmfoto-2022-10-05-um-13.23.46.png","width":1138,"height":142,"caption":"Wolfram Chemie"},"image":{"@id":"https:\/\/wolfram-chemie.com\/de\/#\/schema\/logo\/image\/"}}]}},"_links":{"self":[{"href":"https:\/\/wolfram-chemie.com\/de\/wp-json\/wp\/v2\/pages\/3053","targetHints":{"allow":["GET"]}}],"collection":[{"href":"https:\/\/wolfram-chemie.com\/de\/wp-json\/wp\/v2\/pages"}],"about":[{"href":"https:\/\/wolfram-chemie.com\/de\/wp-json\/wp\/v2\/types\/page"}],"author":[{"embeddable":true,"href":"https:\/\/wolfram-chemie.com\/de\/wp-json\/wp\/v2\/users\/2"}],"replies":[{"embeddable":true,"href":"https:\/\/wolfram-chemie.com\/de\/wp-json\/wp\/v2\/comments?post=3053"}],"version-history":[{"count":4,"href":"https:\/\/wolfram-chemie.com\/de\/wp-json\/wp\/v2\/pages\/3053\/revisions"}],"predecessor-version":[{"id":3231,"href":"https:\/\/wolfram-chemie.com\/de\/wp-json\/wp\/v2\/pages\/3053\/revisions\/3231"}],"wp:attachment":[{"href":"https:\/\/wolfram-chemie.com\/de\/wp-json\/wp\/v2\/media?parent=3053"}],"curies":[{"name":"wp","href":"https:\/\/api.w.org\/{rel}","templated":true}]}}