{"id":3071,"date":"2025-08-25T13:08:29","date_gmt":"2025-08-25T13:08:29","guid":{"rendered":"https:\/\/wolfram-chemie.com\/dienstleistungen\/"},"modified":"2025-10-20T20:13:02","modified_gmt":"2025-10-20T20:13:02","slug":"services","status":"publish","type":"page","link":"https:\/\/wolfram-chemie.com\/de\/services\/","title":{"rendered":"Dienstleistungen"},"content":{"rendered":"\t\t<div data-elementor-type=\"wp-post\" data-elementor-id=\"3071\" class=\"elementor elementor-3071 elementor-2290\" data-elementor-post-type=\"page\">\n\t\t\t\t<div class=\"elementor-element elementor-element-cab0140 e-con-full e-flex e-con e-parent\" data-id=\"cab0140\" data-element_type=\"container\" data-e-type=\"container\" data-settings=\"{&quot;background_background&quot;:&quot;gradient&quot;}\">\n\t\t<div class=\"elementor-element elementor-element-ba79fd5 e-con-full e-flex e-con e-child\" data-id=\"ba79fd5\" data-element_type=\"container\" data-e-type=\"container\">\n\t\t\t\t<div class=\"elementor-element elementor-element-a1f22da elementor-widget__width-initial elementor-widget-tablet__width-inherit elementor-widget elementor-widget-heading\" data-id=\"a1f22da\" data-element_type=\"widget\" data-e-type=\"widget\" data-widget_type=\"heading.default\">\n\t\t\t\t<div class=\"elementor-widget-container\">\n\t\t\t\t\t<h2 class=\"elementor-heading-title elementor-size-default\"><h2 class=\"elementor-heading-title elementor-size-default elementor-inline-editing pen\" data-elementor-setting-key=\"title\" data-pen-placeholder=\"Type Here...\"><\/h2><h2 class=\"elementor-heading-title elementor-size-default elementor-inline-editing pen\" data-elementor-setting-key=\"title\" data-pen-placeholder=\"Type Here...\">Wir bieten ein umfassendes Dienstleistungsportfolio, das Unternehmen dabei unterst\u00fctzt, ihre Ziele in den Bereichen Nachhaltigkeit, Innovation und Kreislaufwirtschaft zu erreichen.<\/h2><div><br><\/div><\/h2>\t\t\t\t<\/div>\n\t\t\t\t<\/div>\n\t\t\t\t<\/div>\n\t\t<div class=\"elementor-element elementor-element-aecc326 e-flex e-con-boxed e-con e-child\" data-id=\"aecc326\" data-element_type=\"container\" data-e-type=\"container\">\n\t\t\t\t\t<div class=\"e-con-inner\">\n\t\t<div class=\"elementor-element elementor-element-87a041b e-flex e-con-boxed e-con e-child\" data-id=\"87a041b\" data-element_type=\"container\" data-e-type=\"container\">\n\t\t\t\t\t<div class=\"e-con-inner\">\n\t\t\t\t<div class=\"elementor-element elementor-element-5eea20a elementor-invisible elementor-widget elementor-widget-icon-box\" data-id=\"5eea20a\" data-element_type=\"widget\" data-e-type=\"widget\" data-settings=\"{&quot;_animation&quot;:&quot;fadeInUp&quot;}\" data-widget_type=\"icon-box.default\">\n\t\t\t\t<div class=\"elementor-widget-container\">\n\t\t\t\t\t\t\t<div class=\"elementor-icon-box-wrapper\">\n\n\t\t\t\n\t\t\t\t\t\t<div class=\"elementor-icon-box-content\">\n\n\t\t\t\t\t\t\t\t\t<h3 class=\"elementor-icon-box-title\">\n\t\t\t\t\t\t<a href=\"https:\/\/wolfram-chemie.com\/de\/forschung-und-entwicklung\/\" >\n\t\t\t\t\t\t\tForschung &amp; Entwicklung\t\t\t\t\t\t<\/a>\n\t\t\t\t\t<\/h3>\n\t\t\t\t\n\t\t\t\t\t\t\t\t\t<p class=\"elementor-icon-box-description\">\n\t\t\t\t\t\tInnovationen vorantreiben durch ma\u00dfgeschneiderte F&amp;E-Projekte, die Ideen in praktikable, marktreife L\u00f6sungen verwandeln.\t\t\t\t\t<\/p>\n\t\t\t\t\n\t\t\t<\/div>\n\t\t\t\n\t\t<\/div>\n\t\t\t\t\t\t<\/div>\n\t\t\t\t<\/div>\n\t\t\t\t\t<\/div>\n\t\t\t\t<\/div>\n\t\t<div class=\"elementor-element elementor-element-2002bc1 e-flex e-con-boxed e-con e-child\" data-id=\"2002bc1\" data-element_type=\"container\" data-e-type=\"container\">\n\t\t\t\t\t<div class=\"e-con-inner\">\n\t\t\t\t<div class=\"elementor-element elementor-element-2236e5b elementor-invisible elementor-widget elementor-widget-icon-box\" data-id=\"2236e5b\" data-element_type=\"widget\" data-e-type=\"widget\" data-settings=\"{&quot;_animation&quot;:&quot;fadeInUp&quot;,&quot;_animation_delay&quot;:100}\" data-widget_type=\"icon-box.default\">\n\t\t\t\t<div class=\"elementor-widget-container\">\n\t\t\t\t\t\t\t<div class=\"elementor-icon-box-wrapper\">\n\n\t\t\t\n\t\t\t\t\t\t<div class=\"elementor-icon-box-content\">\n\n\t\t\t\t\t\t\t\t\t<h3 class=\"elementor-icon-box-title\">\n\t\t\t\t\t\t<a href=\"https:\/\/wolfram-chemie.com\/de\/nachhaltigkeitsberatung\/\" >\n\t\t\t\t\t\t\tNachhaltigkeits\u00ad\u00ad\u00ad\u00ad\u00adberatung\t\t\t\t\t\t<\/a>\n\t\t\t\t\t<\/h3>\n\t\t\t\t\n\t\t\t\t\t\t\t\t\t<p class=\"elementor-icon-box-description\">\n\t\t\t\t\t\tBeratung von Unternehmen bei der Entwicklung praktischer, wissenschaftlich fundierter Strategien zur Reduzierung der Umweltauswirkungen und zur Erf\u00fcllung sich entwickelnder regulatorischer und Marktanforderungen.\t\t\t\t\t<\/p>\n\t\t\t\t\n\t\t\t<\/div>\n\t\t\t\n\t\t<\/div>\n\t\t\t\t\t\t<\/div>\n\t\t\t\t<\/div>\n\t\t\t\t\t<\/div>\n\t\t\t\t<\/div>\n\t\t<div class=\"elementor-element elementor-element-05810f4 e-flex e-con-boxed e-con e-child\" data-id=\"05810f4\" data-element_type=\"container\" data-e-type=\"container\">\n\t\t\t\t\t<div class=\"e-con-inner\">\n\t\t\t\t<div class=\"elementor-element elementor-element-49e9b0f elementor-invisible elementor-widget elementor-widget-icon-box\" data-id=\"49e9b0f\" data-element_type=\"widget\" data-e-type=\"widget\" data-settings=\"{&quot;_animation&quot;:&quot;fadeInUp&quot;,&quot;_animation_delay&quot;:100}\" data-widget_type=\"icon-box.default\">\n\t\t\t\t<div class=\"elementor-widget-container\">\n\t\t\t\t\t\t\t<div class=\"elementor-icon-box-wrapper\">\n\n\t\t\t\n\t\t\t\t\t\t<div class=\"elementor-icon-box-content\">\n\n\t\t\t\t\t\t\t\t\t<h3 class=\"elementor-icon-box-title\">\n\t\t\t\t\t\t<a href=\"https:\/\/wolfram-chemie.com\/de\/analysedienstleistungen\/\" >\n\t\t\t\t\t\t\tAnalyse\u00addienst\u00adleistungen\t\t\t\t\t\t<\/a>\n\t\t\t\t\t<\/h3>\n\t\t\t\t\n\t\t\t\t\t\t\t\t\t<p class=\"elementor-icon-box-description\">\n\t\t\t\t\t\tBereitstellung pr\u00e4ziser, zuverl\u00e4ssiger Laboranalysen zur Sicherstellung von Qualit\u00e4t, Compliance und fundierter Entscheidungsfindung.\t\t\t\t\t<\/p>\n\t\t\t\t\n\t\t\t<\/div>\n\t\t\t\n\t\t<\/div>\n\t\t\t\t\t\t<\/div>\n\t\t\t\t<\/div>\n\t\t\t\t\t<\/div>\n\t\t\t\t<\/div>\n\t\t<div class=\"elementor-element elementor-element-eedf1f9 e-flex e-con-boxed e-con e-child\" data-id=\"eedf1f9\" data-element_type=\"container\" data-e-type=\"container\">\n\t\t\t\t\t<div class=\"e-con-inner\">\n\t\t\t\t<div class=\"elementor-element elementor-element-959ee78 elementor-invisible elementor-widget elementor-widget-icon-box\" data-id=\"959ee78\" data-element_type=\"widget\" data-e-type=\"widget\" data-settings=\"{&quot;_animation&quot;:&quot;fadeInUp&quot;,&quot;_animation_delay&quot;:200}\" data-widget_type=\"icon-box.default\">\n\t\t\t\t<div class=\"elementor-widget-container\">\n\t\t\t\t\t\t\t<div class=\"elementor-icon-box-wrapper\">\n\n\t\t\t\n\t\t\t\t\t\t<div class=\"elementor-icon-box-content\">\n\n\t\t\t\t\t\t\t\t\t<h3 class=\"elementor-icon-box-title\">\n\t\t\t\t\t\t<a href=\"https:\/\/wolfram-chemie.com\/de\/batterie-recycling\/\" >\n\t\t\t\t\t\t\tBatteriematerial-Recycling\t\t\t\t\t\t<\/a>\n\t\t\t\t\t<\/h3>\n\t\t\t\t\n\t\t\t\t\t\t\t\t\t<p class=\"elementor-icon-box-description\">\n\t\t\t\t\t\tErm\u00f6glichung zirkul\u00e4rer L\u00f6sungen durch die R\u00fcckgewinnung wertvoller Materialien aus Altbatterien zur Wiederverwendung in der nachhaltigen Produktion.\t\t\t\t\t<\/p>\n\t\t\t\t\n\t\t\t<\/div>\n\t\t\t\n\t\t<\/div>\n\t\t\t\t\t\t<\/div>\n\t\t\t\t<\/div>\n\t\t\t\t\t<\/div>\n\t\t\t\t<\/div>\n\t\t\t\t\t<\/div>\n\t\t\t\t<\/div>\n\t\t\t\t<\/div>\n\t\t\t\t<\/div>\n\t\t","protected":false},"excerpt":{"rendered":"<p>Wir bieten ein umfassendes Dienstleistungsportfolio, das Unternehmen dabei unterst\u00fctzt, ihre Ziele in den Bereichen Nachhaltigkeit, Innovation und Kreislaufwirtschaft zu erreichen. Forschung &amp; Entwicklung Innovationen vorantreiben durch ma\u00dfgeschneiderte F&amp;E-Projekte, die Ideen in praktikable, marktreife L\u00f6sungen verwandeln. Nachhaltigkeits\u00ad\u00ad\u00ad\u00ad\u00adberatung Beratung von Unternehmen bei der Entwicklung praktischer, wissenschaftlich fundierter Strategien zur Reduzierung der Umweltauswirkungen und zur Erf\u00fcllung sich entwickelnder [&hellip;]<\/p>\n","protected":false},"author":4,"featured_media":0,"parent":0,"menu_order":0,"comment_status":"closed","ping_status":"closed","template":"","meta":{"inline_featured_image":false,"footnotes":""},"class_list":["post-3071","page","type-page","status-publish","hentry"],"yoast_head":"<!-- This site is optimized with the Yoast SEO plugin v27.3 - https:\/\/yoast.com\/product\/yoast-seo-wordpress\/ -->\n<title>Dienstleistungen - Wolfram Chemie<\/title>\n<meta name=\"robots\" content=\"index, follow, max-snippet:-1, max-image-preview:large, max-video-preview:-1\" \/>\n<link rel=\"canonical\" href=\"https:\/\/wolfram-chemie.com\/de\/services\/\" \/>\n<meta property=\"og:locale\" content=\"de_DE\" \/>\n<meta property=\"og:type\" content=\"article\" \/>\n<meta property=\"og:title\" content=\"Dienstleistungen - Wolfram Chemie\" \/>\n<meta property=\"og:description\" content=\"Wir bieten ein umfassendes Dienstleistungsportfolio, das Unternehmen dabei unterst\u00fctzt, ihre Ziele in den Bereichen Nachhaltigkeit, Innovation und Kreislaufwirtschaft zu erreichen. Forschung &amp; Entwicklung Innovationen vorantreiben durch ma\u00dfgeschneiderte F&amp;E-Projekte, die Ideen in praktikable, marktreife L\u00f6sungen verwandeln. Nachhaltigkeits\u00ad\u00ad\u00ad\u00ad\u00adberatung Beratung von Unternehmen bei der Entwicklung praktischer, wissenschaftlich fundierter Strategien zur Reduzierung der Umweltauswirkungen und zur Erf\u00fcllung sich entwickelnder [&hellip;]\" \/>\n<meta property=\"og:url\" content=\"https:\/\/wolfram-chemie.com\/de\/services\/\" \/>\n<meta property=\"og:site_name\" content=\"Wolfram Chemie\" \/>\n<meta property=\"article:modified_time\" content=\"2025-10-20T20:13:02+00:00\" \/>\n<meta name=\"twitter:card\" content=\"summary_large_image\" \/>\n<meta name=\"twitter:label1\" content=\"Gesch\u00e4tzte Lesezeit\" \/>\n\t<meta name=\"twitter:data1\" content=\"1\u00a0Minute\" \/>\n<!-- \/ Yoast SEO plugin. -->","yoast_head_json":{"title":"Dienstleistungen - Wolfram Chemie","robots":{"index":"index","follow":"follow","max-snippet":"max-snippet:-1","max-image-preview":"max-image-preview:large","max-video-preview":"max-video-preview:-1"},"canonical":"https:\/\/wolfram-chemie.com\/de\/services\/","og_locale":"de_DE","og_type":"article","og_title":"Dienstleistungen - Wolfram Chemie","og_description":"Wir bieten ein umfassendes Dienstleistungsportfolio, das Unternehmen dabei unterst\u00fctzt, ihre Ziele in den Bereichen Nachhaltigkeit, Innovation und Kreislaufwirtschaft zu erreichen. Forschung &amp; Entwicklung Innovationen vorantreiben durch ma\u00dfgeschneiderte F&amp;E-Projekte, die Ideen in praktikable, marktreife L\u00f6sungen verwandeln. Nachhaltigkeits\u00ad\u00ad\u00ad\u00ad\u00adberatung Beratung von Unternehmen bei der Entwicklung praktischer, wissenschaftlich fundierter Strategien zur Reduzierung der Umweltauswirkungen und zur Erf\u00fcllung sich entwickelnder [&hellip;]","og_url":"https:\/\/wolfram-chemie.com\/de\/services\/","og_site_name":"Wolfram Chemie","article_modified_time":"2025-10-20T20:13:02+00:00","twitter_card":"summary_large_image","twitter_misc":{"Gesch\u00e4tzte Lesezeit":"1\u00a0Minute"},"schema":{"@context":"https:\/\/schema.org","@graph":[{"@type":"WebPage","@id":"https:\/\/wolfram-chemie.com\/de\/services\/","url":"https:\/\/wolfram-chemie.com\/de\/services\/","name":"Dienstleistungen - Wolfram Chemie","isPartOf":{"@id":"https:\/\/wolfram-chemie.com\/de\/#website"},"datePublished":"2025-08-25T13:08:29+00:00","dateModified":"2025-10-20T20:13:02+00:00","breadcrumb":{"@id":"https:\/\/wolfram-chemie.com\/de\/services\/#breadcrumb"},"inLanguage":"de","potentialAction":[{"@type":"ReadAction","target":["https:\/\/wolfram-chemie.com\/de\/services\/"]}]},{"@type":"BreadcrumbList","@id":"https:\/\/wolfram-chemie.com\/de\/services\/#breadcrumb","itemListElement":[{"@type":"ListItem","position":1,"name":"Startseite","item":"https:\/\/wolfram-chemie.com\/de\/startseite\/"},{"@type":"ListItem","position":2,"name":"Dienstleistungen"}]},{"@type":"WebSite","@id":"https:\/\/wolfram-chemie.com\/de\/#website","url":"https:\/\/wolfram-chemie.com\/de\/","name":"Wolfram Chemie","description":"","publisher":{"@id":"https:\/\/wolfram-chemie.com\/de\/#organization"},"potentialAction":[{"@type":"SearchAction","target":{"@type":"EntryPoint","urlTemplate":"https:\/\/wolfram-chemie.com\/de\/?s={search_term_string}"},"query-input":{"@type":"PropertyValueSpecification","valueRequired":true,"valueName":"search_term_string"}}],"inLanguage":"de"},{"@type":"Organization","@id":"https:\/\/wolfram-chemie.com\/de\/#organization","name":"Wolfram Chemie","url":"https:\/\/wolfram-chemie.com\/de\/","logo":{"@type":"ImageObject","inLanguage":"de","@id":"https:\/\/wolfram-chemie.com\/de\/#\/schema\/logo\/image\/","url":"https:\/\/wolfram-chemie.com\/wp-content\/uploads\/2022\/10\/Bildschirmfoto-2022-10-05-um-13.23.46.png","contentUrl":"https:\/\/wolfram-chemie.com\/wp-content\/uploads\/2022\/10\/Bildschirmfoto-2022-10-05-um-13.23.46.png","width":1138,"height":142,"caption":"Wolfram Chemie"},"image":{"@id":"https:\/\/wolfram-chemie.com\/de\/#\/schema\/logo\/image\/"}}]}},"_links":{"self":[{"href":"https:\/\/wolfram-chemie.com\/de\/wp-json\/wp\/v2\/pages\/3071","targetHints":{"allow":["GET"]}}],"collection":[{"href":"https:\/\/wolfram-chemie.com\/de\/wp-json\/wp\/v2\/pages"}],"about":[{"href":"https:\/\/wolfram-chemie.com\/de\/wp-json\/wp\/v2\/types\/page"}],"author":[{"embeddable":true,"href":"https:\/\/wolfram-chemie.com\/de\/wp-json\/wp\/v2\/users\/4"}],"replies":[{"embeddable":true,"href":"https:\/\/wolfram-chemie.com\/de\/wp-json\/wp\/v2\/comments?post=3071"}],"version-history":[{"count":13,"href":"https:\/\/wolfram-chemie.com\/de\/wp-json\/wp\/v2\/pages\/3071\/revisions"}],"predecessor-version":[{"id":3185,"href":"https:\/\/wolfram-chemie.com\/de\/wp-json\/wp\/v2\/pages\/3071\/revisions\/3185"}],"wp:attachment":[{"href":"https:\/\/wolfram-chemie.com\/de\/wp-json\/wp\/v2\/media?parent=3071"}],"curies":[{"name":"wp","href":"https:\/\/api.w.org\/{rel}","templated":true}]}}