{"id":3190,"date":"2022-12-02T09:24:04","date_gmt":"2022-12-02T09:24:04","guid":{"rendered":"https:\/\/wolfram-chemie.com\/ueber-uns\/"},"modified":"2025-10-21T10:31:24","modified_gmt":"2025-10-21T10:31:24","slug":"ueber-uns","status":"publish","type":"page","link":"https:\/\/wolfram-chemie.com\/de\/ueber-uns\/","title":{"rendered":"\u00dcber uns"},"content":{"rendered":"\t\t<div data-elementor-type=\"wp-post\" data-elementor-id=\"3190\" class=\"elementor elementor-3190 elementor-546\" data-elementor-post-type=\"page\">\n\t\t\t\t<div class=\"elementor-element elementor-element-e5b9ad4 e-con-full e-flex e-con e-parent\" data-id=\"e5b9ad4\" data-element_type=\"container\" data-e-type=\"container\" data-settings=\"{&quot;background_background&quot;:&quot;classic&quot;}\">\n\t\t<div class=\"elementor-element elementor-element-9ec2153 e-con-full e-flex e-con e-child\" data-id=\"9ec2153\" data-element_type=\"container\" data-e-type=\"container\" data-settings=\"{&quot;background_background&quot;:&quot;classic&quot;}\">\n\t\t<div class=\"elementor-element elementor-element-002636f e-con-full e-flex e-con e-child\" data-id=\"002636f\" data-element_type=\"container\" data-e-type=\"container\">\n\t\t\t\t<div class=\"elementor-element elementor-element-e9993ee elementor-widget elementor-widget-heading\" data-id=\"e9993ee\" data-element_type=\"widget\" data-e-type=\"widget\" data-widget_type=\"heading.default\">\n\t\t\t\t<div class=\"elementor-widget-container\">\n\t\t\t\t\t<h1 class=\"elementor-heading-title elementor-size-default\">Gemeinsam f\u00fcr eine nachhaltigere Zukunft<\/h1>\t\t\t\t<\/div>\n\t\t\t\t<\/div>\n\t\t\t\t<\/div>\n\t\t<div class=\"elementor-element elementor-element-82bde48 e-con-full e-flex e-con e-child\" data-id=\"82bde48\" data-element_type=\"container\" data-e-type=\"container\">\n\t\t\t\t<div class=\"elementor-element elementor-element-8c947f4 elementor-widget-tablet__width-inherit elementor-invisible elementor-widget elementor-widget-image\" data-id=\"8c947f4\" data-element_type=\"widget\" data-e-type=\"widget\" data-settings=\"{&quot;_animation&quot;:&quot;fadeIn&quot;}\" data-widget_type=\"image.default\">\n\t\t\t\t<div class=\"elementor-widget-container\">\n\t\t\t\t\t\t\t\t\t\t\t\t\t\t\t<img fetchpriority=\"high\" decoding=\"async\" width=\"800\" height=\"534\" src=\"https:\/\/wolfram-chemie.com\/wp-content\/uploads\/2025\/08\/Group-5-mittelgross-1024x683.webp\" class=\"attachment-large size-large wp-image-3008\" alt=\"\" srcset=\"https:\/\/wolfram-chemie.com\/wp-content\/uploads\/2025\/08\/Group-5-mittelgross-1024x683.webp 1024w, https:\/\/wolfram-chemie.com\/wp-content\/uploads\/2025\/08\/Group-5-mittelgross-300x200.webp 300w, https:\/\/wolfram-chemie.com\/wp-content\/uploads\/2025\/08\/Group-5-mittelgross-768x512.webp 768w, https:\/\/wolfram-chemie.com\/wp-content\/uploads\/2025\/08\/Group-5-mittelgross-18x12.webp 18w, https:\/\/wolfram-chemie.com\/wp-content\/uploads\/2025\/08\/Group-5-mittelgross.webp 1350w\" sizes=\"(max-width: 800px) 100vw, 800px\" \/>\t\t\t\t\t\t\t\t\t\t\t\t\t\t\t<\/div>\n\t\t\t\t<\/div>\n\t\t\t\t<\/div>\n\t\t\t\t<\/div>\n\t\t\t\t<\/div>\n\t\t<div class=\"elementor-element elementor-element-15f62cc8 e-con-full e-flex e-con e-parent\" data-id=\"15f62cc8\" data-element_type=\"container\" data-e-type=\"container\" data-settings=\"{&quot;background_background&quot;:&quot;classic&quot;}\">\n\t\t<div class=\"elementor-element elementor-element-232d807d e-con-full e-flex e-con e-child\" data-id=\"232d807d\" data-element_type=\"container\" data-e-type=\"container\">\n\t\t\t\t<div class=\"elementor-element elementor-element-2cf2536e elementor-widget-mobile__width-initial elementor-widget elementor-widget-image\" data-id=\"2cf2536e\" data-element_type=\"widget\" data-e-type=\"widget\" data-settings=\"{&quot;motion_fx_motion_fx_scrolling&quot;:&quot;yes&quot;,&quot;motion_fx_translateY_effect&quot;:&quot;yes&quot;,&quot;motion_fx_translateY_speed&quot;:{&quot;unit&quot;:&quot;px&quot;,&quot;size&quot;:1,&quot;sizes&quot;:[]},&quot;motion_fx_devices&quot;:[&quot;desktop&quot;,&quot;tablet&quot;],&quot;motion_fx_translateY_affectedRange&quot;:{&quot;unit&quot;:&quot;%&quot;,&quot;size&quot;:&quot;&quot;,&quot;sizes&quot;:{&quot;start&quot;:0,&quot;end&quot;:100}}}\" data-widget_type=\"image.default\">\n\t\t\t\t<div class=\"elementor-widget-container\">\n\t\t\t\t\t\t\t\t\t\t\t\t\t\t\t<img decoding=\"async\" width=\"800\" height=\"534\" src=\"https:\/\/wolfram-chemie.com\/wp-content\/uploads\/2025\/08\/Group-1-1024x683.jpg\" class=\"attachment-large size-large wp-image-3098\" alt=\"\" srcset=\"https:\/\/wolfram-chemie.com\/wp-content\/uploads\/2025\/08\/Group-1-1024x683.jpg 1024w, https:\/\/wolfram-chemie.com\/wp-content\/uploads\/2025\/08\/Group-1-300x200.jpg 300w, https:\/\/wolfram-chemie.com\/wp-content\/uploads\/2025\/08\/Group-1-768x512.jpg 768w, https:\/\/wolfram-chemie.com\/wp-content\/uploads\/2025\/08\/Group-1-1536x1024.jpg 1536w, https:\/\/wolfram-chemie.com\/wp-content\/uploads\/2025\/08\/Group-1-2048x1365.jpg 2048w, https:\/\/wolfram-chemie.com\/wp-content\/uploads\/2025\/08\/Group-1-18x12.jpg 18w\" sizes=\"(max-width: 800px) 100vw, 800px\" \/>\t\t\t\t\t\t\t\t\t\t\t\t\t\t\t<\/div>\n\t\t\t\t<\/div>\n\t\t\t\t<div class=\"elementor-element elementor-element-1aea780d elementor-widget-mobile__width-initial elementor-widget elementor-widget-image\" data-id=\"1aea780d\" data-element_type=\"widget\" data-e-type=\"widget\" data-settings=\"{&quot;motion_fx_motion_fx_scrolling&quot;:&quot;yes&quot;,&quot;motion_fx_translateY_effect&quot;:&quot;yes&quot;,&quot;motion_fx_translateY_direction&quot;:&quot;negative&quot;,&quot;motion_fx_translateY_speed&quot;:{&quot;unit&quot;:&quot;px&quot;,&quot;size&quot;:1,&quot;sizes&quot;:[]},&quot;motion_fx_devices&quot;:[&quot;desktop&quot;,&quot;tablet&quot;],&quot;motion_fx_translateY_affectedRange&quot;:{&quot;unit&quot;:&quot;%&quot;,&quot;size&quot;:&quot;&quot;,&quot;sizes&quot;:{&quot;start&quot;:0,&quot;end&quot;:100}}}\" data-widget_type=\"image.default\">\n\t\t\t\t<div class=\"elementor-widget-container\">\n\t\t\t\t\t\t\t\t\t\t\t\t\t\t\t<img decoding=\"async\" width=\"800\" height=\"534\" src=\"https:\/\/wolfram-chemie.com\/wp-content\/uploads\/2025\/08\/Group-3-1-1024x683.jpg\" class=\"attachment-large size-large wp-image-3099\" alt=\"\" srcset=\"https:\/\/wolfram-chemie.com\/wp-content\/uploads\/2025\/08\/Group-3-1-1024x683.jpg 1024w, https:\/\/wolfram-chemie.com\/wp-content\/uploads\/2025\/08\/Group-3-1-300x200.jpg 300w, https:\/\/wolfram-chemie.com\/wp-content\/uploads\/2025\/08\/Group-3-1-768x512.jpg 768w, https:\/\/wolfram-chemie.com\/wp-content\/uploads\/2025\/08\/Group-3-1-1536x1024.jpg 1536w, https:\/\/wolfram-chemie.com\/wp-content\/uploads\/2025\/08\/Group-3-1-18x12.jpg 18w, https:\/\/wolfram-chemie.com\/wp-content\/uploads\/2025\/08\/Group-3-1.jpg 1800w\" sizes=\"(max-width: 800px) 100vw, 800px\" \/>\t\t\t\t\t\t\t\t\t\t\t\t\t\t\t<\/div>\n\t\t\t\t<\/div>\n\t\t\t\t<\/div>\n\t\t<div class=\"elementor-element elementor-element-4dda09e1 e-con-full e-flex e-con e-child\" data-id=\"4dda09e1\" data-element_type=\"container\" data-e-type=\"container\">\n\t\t\t\t<div class=\"elementor-element elementor-element-66ea7a59 elementor-invisible elementor-widget elementor-widget-heading\" data-id=\"66ea7a59\" data-element_type=\"widget\" data-e-type=\"widget\" data-settings=\"{&quot;_animation&quot;:&quot;fadeIn&quot;}\" data-widget_type=\"heading.default\">\n\t\t\t\t<div class=\"elementor-widget-container\">\n\t\t\t\t\t<h1 class=\"elementor-heading-title elementor-size-default\">\u00dcber uns<\/h1>\t\t\t\t<\/div>\n\t\t\t\t<\/div>\n\t\t\t\t<div class=\"elementor-element elementor-element-42fe6c6c elementor-invisible elementor-widget elementor-widget-text-editor\" data-id=\"42fe6c6c\" data-element_type=\"widget\" data-e-type=\"widget\" data-settings=\"{&quot;_animation&quot;:&quot;fadeIn&quot;,&quot;_animation_delay&quot;:200}\" data-widget_type=\"text-editor.default\">\n\t\t\t\t<div class=\"elementor-widget-container\">\n\t\t\t\t\t\t\t\t\t<p>Die Wolfram Chemie GmbH ist ein Team aus erfahrenen und dynamischen Fachleuten mit \u00fcber 15 Jahren gemeinsamer Expertise. Vor 2021 war das Unternehmen als Tungsten Consulting GmbH t\u00e4tig und entwickelte wirkungsvolle Prozesse, die \u00f6kologische Verantwortung und ressourceneffiziente Innovation f\u00f6rderten. <\/p><p>Unsere Kernkompetenzen liegen in der Entwicklung von Forschungsprojekten und der wissenschaftlichen Beratung, insbesondere bei der Einf\u00fchrung neuer Technologien, Methoden und Systeme, sowie in der Strategieentwicklung, Planung, Implementierung und Verkaufsunterst\u00fctzung.<\/p><p>Das Unternehmen gliedert sich in vier Hauptbereiche: chemische Analytik, Nachhaltigkeitsberatung, Batteriematerialrecycling sowie Projektforschung und -entwicklung. Wir bieten diese Dienstleistungen einzeln oder in Kombination an, zugeschnitten auf die individuellen Bed\u00fcrfnisse jedes Kunden. <\/p>\t\t\t\t\t\t\t\t<\/div>\n\t\t\t\t<\/div>\n\t\t\t\t<\/div>\n\t\t\t\t<\/div>\n\t\t<div class=\"elementor-element elementor-element-62e0ddf1 e-flex e-con-boxed e-con e-parent\" data-id=\"62e0ddf1\" data-element_type=\"container\" data-e-type=\"container\" data-settings=\"{&quot;background_background&quot;:&quot;gradient&quot;}\">\n\t\t\t\t\t<div class=\"e-con-inner\">\n\t\t<div class=\"elementor-element elementor-element-1f3debed e-con-full e-flex e-con e-child\" data-id=\"1f3debed\" data-element_type=\"container\" data-e-type=\"container\">\n\t\t\t\t<div class=\"elementor-element elementor-element-686d1864 elementor-widget__width-initial elementor-widget-mobile__width-auto elementor-invisible elementor-widget elementor-widget-icon-box\" data-id=\"686d1864\" data-element_type=\"widget\" data-e-type=\"widget\" data-settings=\"{&quot;_animation&quot;:&quot;fadeInUp&quot;}\" data-widget_type=\"icon-box.default\">\n\t\t\t\t<div class=\"elementor-widget-container\">\n\t\t\t\t\t\t\t<div class=\"elementor-icon-box-wrapper\">\n\n\t\t\t\n\t\t\t\t\t\t<div class=\"elementor-icon-box-content\">\n\n\t\t\t\t\t\t\t\t\t<h3 class=\"elementor-icon-box-title\">\n\t\t\t\t\t\t<span  >\n\t\t\t\t\t\t\tUnsere Vision\t\t\t\t\t\t<\/span>\n\t\t\t\t\t<\/h3>\n\t\t\t\t\n\t\t\t\t\t\t\t\t\t<p class=\"elementor-icon-box-description\">\n\t\t\t\t\t\tEin f\u00fchrender technologischer Kollaborateur f\u00fcr Material- und technische Innovationen zu werden, mit dem Fokus auf die Verbesserung der Nachhaltigkeit moderner Prozesse und Produkte, um zu Klimazielen beizutragen.<span style=\"text-align: center\"><\/span>\t\t\t\t\t<\/p>\n\t\t\t\t\n\t\t\t<\/div>\n\t\t\t\n\t\t<\/div>\n\t\t\t\t\t\t<\/div>\n\t\t\t\t<\/div>\n\t\t\t\t<div class=\"elementor-element elementor-element-1d55bdd4 elementor-widget__width-initial elementor-widget-mobile__width-auto elementor-invisible elementor-widget elementor-widget-icon-box\" data-id=\"1d55bdd4\" data-element_type=\"widget\" data-e-type=\"widget\" data-settings=\"{&quot;_animation&quot;:&quot;fadeInUp&quot;}\" data-widget_type=\"icon-box.default\">\n\t\t\t\t<div class=\"elementor-widget-container\">\n\t\t\t\t\t\t\t<div class=\"elementor-icon-box-wrapper\">\n\n\t\t\t\n\t\t\t\t\t\t<div class=\"elementor-icon-box-content\">\n\n\t\t\t\t\t\t\t\t\t<h3 class=\"elementor-icon-box-title\">\n\t\t\t\t\t\t<span  >\n\t\t\t\t\t\t\tUnsere Mission\t\t\t\t\t\t<\/span>\n\t\t\t\t\t<\/h3>\n\t\t\t\t\n\t\t\t\t\t\t\t\t\t<p class=\"elementor-icon-box-description\">\n\t\t\t\t\t\tDurch die Beschleunigung der Entwicklung der nachhaltigen Leistungsf\u00e4higkeit von Unternehmen in der chemischen Industrie, die \u00fcber die langfristigen Auswirkungen nachdenken, auf Klimaschutz und Kreislaufwirtschaft hinarbeiten und entsprechend handeln.<span style=\"text-align: center\"><\/span>\t\t\t\t\t<\/p>\n\t\t\t\t\n\t\t\t<\/div>\n\t\t\t\n\t\t<\/div>\n\t\t\t\t\t\t<\/div>\n\t\t\t\t<\/div>\n\t\t\t\t<div class=\"elementor-element elementor-element-7d8997cb elementor-widget__width-initial elementor-widget-mobile__width-auto elementor-invisible elementor-widget elementor-widget-icon-box\" data-id=\"7d8997cb\" data-element_type=\"widget\" data-e-type=\"widget\" data-settings=\"{&quot;_animation&quot;:&quot;fadeInUp&quot;}\" data-widget_type=\"icon-box.default\">\n\t\t\t\t<div class=\"elementor-widget-container\">\n\t\t\t\t\t\t\t<div class=\"elementor-icon-box-wrapper\">\n\n\t\t\t\n\t\t\t\t\t\t<div class=\"elementor-icon-box-content\">\n\n\t\t\t\t\t\t\t\t\t<h3 class=\"elementor-icon-box-title\">\n\t\t\t\t\t\t<span  >\n\t\t\t\t\t\t\tUnsere Werte\t\t\t\t\t\t<\/span>\n\t\t\t\t\t<\/h3>\n\t\t\t\t\n\t\t\t\t\t\t\t\t\t<p class=\"elementor-icon-box-description\">\n\t\t\t\t\t\tIntegrit\u00e4t\n<br>Langfristige Nachhaltigkeit\n<br>Teamwork\n<br>Innovation\n<br>Verantwortung\n<br>Wissenssuche und -austausch<\/span>\t\t\t\t\t<\/p>\n\t\t\t\t\n\t\t\t<\/div>\n\t\t\t\n\t\t<\/div>\n\t\t\t\t\t\t<\/div>\n\t\t\t\t<\/div>\n\t\t\t\t<\/div>\n\t\t\t\t\t<\/div>\n\t\t\t\t<\/div>\n\t\t\t\t<\/div>\n\t\t","protected":false},"excerpt":{"rendered":"<p>Gemeinsam f\u00fcr eine nachhaltigere Zukunft \u00dcber uns Die Wolfram Chemie GmbH ist ein Team aus erfahrenen und dynamischen Fachleuten mit \u00fcber 15 Jahren gemeinsamer Expertise. Vor 2021 war das Unternehmen als Tungsten Consulting GmbH t\u00e4tig und entwickelte wirkungsvolle Prozesse, die \u00f6kologische Verantwortung und ressourceneffiziente Innovation f\u00f6rderten. Unsere Kernkompetenzen liegen in der Entwicklung von Forschungsprojekten und [&hellip;]<\/p>\n","protected":false},"author":1,"featured_media":0,"parent":0,"menu_order":0,"comment_status":"closed","ping_status":"closed","template":"","meta":{"inline_featured_image":false,"footnotes":""},"class_list":["post-3190","page","type-page","status-publish","hentry"],"yoast_head":"<!-- This site is optimized with the Yoast SEO plugin v27.3 - https:\/\/yoast.com\/product\/yoast-seo-wordpress\/ -->\n<title>\u00dcber uns - Wolfram Chemie<\/title>\n<meta name=\"robots\" content=\"index, follow, max-snippet:-1, max-image-preview:large, max-video-preview:-1\" \/>\n<link rel=\"canonical\" href=\"https:\/\/wolfram-chemie.com\/de\/ueber-uns\/\" \/>\n<meta property=\"og:locale\" content=\"de_DE\" \/>\n<meta property=\"og:type\" content=\"article\" \/>\n<meta property=\"og:title\" content=\"\u00dcber uns - Wolfram Chemie\" \/>\n<meta property=\"og:description\" content=\"Gemeinsam f\u00fcr eine nachhaltigere Zukunft \u00dcber uns Die Wolfram Chemie GmbH ist ein Team aus erfahrenen und dynamischen Fachleuten mit \u00fcber 15 Jahren gemeinsamer Expertise. Vor 2021 war das Unternehmen als Tungsten Consulting GmbH t\u00e4tig und entwickelte wirkungsvolle Prozesse, die \u00f6kologische Verantwortung und ressourceneffiziente Innovation f\u00f6rderten. Unsere Kernkompetenzen liegen in der Entwicklung von Forschungsprojekten und [&hellip;]\" \/>\n<meta property=\"og:url\" content=\"https:\/\/wolfram-chemie.com\/de\/ueber-uns\/\" \/>\n<meta property=\"og:site_name\" content=\"Wolfram Chemie\" \/>\n<meta property=\"article:modified_time\" content=\"2025-10-21T10:31:24+00:00\" \/>\n<meta property=\"og:image\" content=\"https:\/\/wolfram-chemie.com\/wp-content\/uploads\/2025\/08\/Group-5-mittelgross.webp\" \/>\n\t<meta property=\"og:image:width\" content=\"1350\" \/>\n\t<meta property=\"og:image:height\" content=\"900\" \/>\n\t<meta property=\"og:image:type\" content=\"image\/webp\" \/>\n<meta name=\"twitter:card\" content=\"summary_large_image\" \/>\n<meta name=\"twitter:label1\" content=\"Gesch\u00e4tzte Lesezeit\" \/>\n\t<meta name=\"twitter:data1\" content=\"1\u00a0Minute\" \/>\n<!-- \/ Yoast SEO plugin. -->","yoast_head_json":{"title":"\u00dcber uns - Wolfram Chemie","robots":{"index":"index","follow":"follow","max-snippet":"max-snippet:-1","max-image-preview":"max-image-preview:large","max-video-preview":"max-video-preview:-1"},"canonical":"https:\/\/wolfram-chemie.com\/de\/ueber-uns\/","og_locale":"de_DE","og_type":"article","og_title":"\u00dcber uns - Wolfram Chemie","og_description":"Gemeinsam f\u00fcr eine nachhaltigere Zukunft \u00dcber uns Die Wolfram Chemie GmbH ist ein Team aus erfahrenen und dynamischen Fachleuten mit \u00fcber 15 Jahren gemeinsamer Expertise. Vor 2021 war das Unternehmen als Tungsten Consulting GmbH t\u00e4tig und entwickelte wirkungsvolle Prozesse, die \u00f6kologische Verantwortung und ressourceneffiziente Innovation f\u00f6rderten. Unsere Kernkompetenzen liegen in der Entwicklung von Forschungsprojekten und [&hellip;]","og_url":"https:\/\/wolfram-chemie.com\/de\/ueber-uns\/","og_site_name":"Wolfram Chemie","article_modified_time":"2025-10-21T10:31:24+00:00","og_image":[{"width":1350,"height":900,"url":"https:\/\/wolfram-chemie.com\/wp-content\/uploads\/2025\/08\/Group-5-mittelgross.webp","type":"image\/webp"}],"twitter_card":"summary_large_image","twitter_misc":{"Gesch\u00e4tzte Lesezeit":"1\u00a0Minute"},"schema":{"@context":"https:\/\/schema.org","@graph":[{"@type":"WebPage","@id":"https:\/\/wolfram-chemie.com\/de\/ueber-uns\/","url":"https:\/\/wolfram-chemie.com\/de\/ueber-uns\/","name":"\u00dcber uns - Wolfram Chemie","isPartOf":{"@id":"https:\/\/wolfram-chemie.com\/de\/#website"},"primaryImageOfPage":{"@id":"https:\/\/wolfram-chemie.com\/de\/ueber-uns\/#primaryimage"},"image":{"@id":"https:\/\/wolfram-chemie.com\/de\/ueber-uns\/#primaryimage"},"thumbnailUrl":"https:\/\/wolfram-chemie.com\/wp-content\/uploads\/2025\/08\/Group-5-mittelgross-1024x683.webp","datePublished":"2022-12-02T09:24:04+00:00","dateModified":"2025-10-21T10:31:24+00:00","breadcrumb":{"@id":"https:\/\/wolfram-chemie.com\/de\/ueber-uns\/#breadcrumb"},"inLanguage":"de","potentialAction":[{"@type":"ReadAction","target":["https:\/\/wolfram-chemie.com\/de\/ueber-uns\/"]}]},{"@type":"ImageObject","inLanguage":"de","@id":"https:\/\/wolfram-chemie.com\/de\/ueber-uns\/#primaryimage","url":"https:\/\/wolfram-chemie.com\/wp-content\/uploads\/2025\/08\/Group-5-mittelgross-1024x683.webp","contentUrl":"https:\/\/wolfram-chemie.com\/wp-content\/uploads\/2025\/08\/Group-5-mittelgross-1024x683.webp"},{"@type":"BreadcrumbList","@id":"https:\/\/wolfram-chemie.com\/de\/ueber-uns\/#breadcrumb","itemListElement":[{"@type":"ListItem","position":1,"name":"Startseite","item":"https:\/\/wolfram-chemie.com\/de\/startseite\/"},{"@type":"ListItem","position":2,"name":"\u00dcber uns"}]},{"@type":"WebSite","@id":"https:\/\/wolfram-chemie.com\/de\/#website","url":"https:\/\/wolfram-chemie.com\/de\/","name":"Wolfram Chemie","description":"","publisher":{"@id":"https:\/\/wolfram-chemie.com\/de\/#organization"},"potentialAction":[{"@type":"SearchAction","target":{"@type":"EntryPoint","urlTemplate":"https:\/\/wolfram-chemie.com\/de\/?s={search_term_string}"},"query-input":{"@type":"PropertyValueSpecification","valueRequired":true,"valueName":"search_term_string"}}],"inLanguage":"de"},{"@type":"Organization","@id":"https:\/\/wolfram-chemie.com\/de\/#organization","name":"Wolfram Chemie","url":"https:\/\/wolfram-chemie.com\/de\/","logo":{"@type":"ImageObject","inLanguage":"de","@id":"https:\/\/wolfram-chemie.com\/de\/#\/schema\/logo\/image\/","url":"https:\/\/wolfram-chemie.com\/wp-content\/uploads\/2022\/10\/Bildschirmfoto-2022-10-05-um-13.23.46.png","contentUrl":"https:\/\/wolfram-chemie.com\/wp-content\/uploads\/2022\/10\/Bildschirmfoto-2022-10-05-um-13.23.46.png","width":1138,"height":142,"caption":"Wolfram Chemie"},"image":{"@id":"https:\/\/wolfram-chemie.com\/de\/#\/schema\/logo\/image\/"}}]}},"_links":{"self":[{"href":"https:\/\/wolfram-chemie.com\/de\/wp-json\/wp\/v2\/pages\/3190","targetHints":{"allow":["GET"]}}],"collection":[{"href":"https:\/\/wolfram-chemie.com\/de\/wp-json\/wp\/v2\/pages"}],"about":[{"href":"https:\/\/wolfram-chemie.com\/de\/wp-json\/wp\/v2\/types\/page"}],"author":[{"embeddable":true,"href":"https:\/\/wolfram-chemie.com\/de\/wp-json\/wp\/v2\/users\/1"}],"replies":[{"embeddable":true,"href":"https:\/\/wolfram-chemie.com\/de\/wp-json\/wp\/v2\/comments?post=3190"}],"version-history":[{"count":4,"href":"https:\/\/wolfram-chemie.com\/de\/wp-json\/wp\/v2\/pages\/3190\/revisions"}],"predecessor-version":[{"id":3215,"href":"https:\/\/wolfram-chemie.com\/de\/wp-json\/wp\/v2\/pages\/3190\/revisions\/3215"}],"wp:attachment":[{"href":"https:\/\/wolfram-chemie.com\/de\/wp-json\/wp\/v2\/media?parent=3190"}],"curies":[{"name":"wp","href":"https:\/\/api.w.org\/{rel}","templated":true}]}}